{"id":315,"date":"2025-01-10T16:01:06","date_gmt":"2025-01-10T16:01:06","guid":{"rendered":"https:\/\/maxim.yachts\/?page_id=315"},"modified":"2026-01-13T08:29:01","modified_gmt":"2026-01-13T08:29:01","slug":"configurator","status":"publish","type":"page","link":"https:\/\/maxim.yachts\/de\/configurator\/","title":{"rendered":"KONFIGURATOR"},"content":{"rendered":"<div data-elementor-type=\"wp-page\" data-elementor-id=\"315\" class=\"elementor elementor-315\" data-elementor-post-type=\"page\">\n\t\t\t\t<div class=\"elementor-element elementor-element-7c16615 e-flex e-con-boxed e-con e-parent\" data-id=\"7c16615\" data-element_type=\"container\" data-e-type=\"container\" data-settings=\"{&quot;background_background&quot;:&quot;classic&quot;}\">\n\t\t\t\t\t<div class=\"e-con-inner\">\n\t\t\t\t<div class=\"elementor-element elementor-element-706414e animated-slow elementor-invisible elementor-widget elementor-widget-heading\" data-id=\"706414e\" data-element_type=\"widget\" data-e-type=\"widget\" data-settings=\"{&quot;_animation&quot;:&quot;fadeIn&quot;}\" data-widget_type=\"heading.default\">\n\t\t\t\t<div class=\"elementor-widget-container\">\n\t\t\t\t\t<h2 class=\"elementor-heading-title elementor-size-default\">SELECT A<\/h2>\t\t\t\t<\/div>\n\t\t\t\t<\/div>\n\t\t\t\t<div class=\"elementor-element elementor-element-c813760 animated-slow elementor-invisible elementor-widget elementor-widget-heading\" data-id=\"c813760\" data-element_type=\"widget\" data-e-type=\"widget\" data-settings=\"{&quot;_animation&quot;:&quot;fadeIn&quot;}\" data-widget_type=\"heading.default\">\n\t\t\t\t<div class=\"elementor-widget-container\">\n\t\t\t\t\t<h1 class=\"elementor-heading-title elementor-size-default\">MODELL<\/h1>\t\t\t\t<\/div>\n\t\t\t\t<\/div>\n\t\t\t\t<div class=\"elementor-element elementor-element-094f670 animated-slow elementor-invisible elementor-widget elementor-widget-text-editor\" data-id=\"094f670\" data-element_type=\"widget\" data-e-type=\"widget\" data-settings=\"{&quot;_animation&quot;:&quot;fadeIn&quot;,&quot;_animation_delay&quot;:100}\" data-widget_type=\"text-editor.default\">\n\t\t\t\t<div class=\"elementor-widget-container\">\n\t\t\t\t\t\t\t\t\t<p>W\u00e4hlen Sie ein Modell, um mit der Konfiguration zu beginnen<\/p>\t\t\t\t\t\t\t\t<\/div>\n\t\t\t\t<\/div>\n\t\t\t\t\t<\/div>\n\t\t\t\t<\/div>\n\t\t<div class=\"elementor-element elementor-element-db8ca33 e-flex e-con-boxed e-con e-parent\" data-id=\"db8ca33\" data-element_type=\"container\" data-e-type=\"container\" data-settings=\"{&quot;background_background&quot;:&quot;classic&quot;}\">\n\t\t\t\t\t<div class=\"e-con-inner\">\n\t\t<div class=\"elementor-element elementor-element-a959373 e-con-full animated-slow e-flex elementor-invisible e-con e-child\" data-id=\"a959373\" data-element_type=\"container\" data-e-type=\"container\" data-settings=\"{&quot;background_background&quot;:&quot;classic&quot;,&quot;animation&quot;:&quot;fadeIn&quot;,&quot;animation_delay&quot;:200}\">\n\t\t\t\t<div class=\"elementor-element elementor-element-fd39708 elementor-widget elementor-widget-image\" data-id=\"fd39708\" data-element_type=\"widget\" data-e-type=\"widget\" data-widget_type=\"image.default\">\n\t\t\t\t<div class=\"elementor-widget-container\">\n\t\t\t\t\t\t\t\t\t\t\t\t\t\t\t<img fetchpriority=\"high\" decoding=\"async\" width=\"800\" height=\"294\" src=\"https:\/\/maxim.yachts\/wp-content\/uploads\/2025\/01\/MAX43-Comfort-1024x376.png\" class=\"attachment-large size-large wp-image-1748\" alt=\"MAX 43 Comfort\" srcset=\"https:\/\/maxim.yachts\/wp-content\/uploads\/2025\/01\/MAX43-Comfort-1024x376.png 1024w, https:\/\/maxim.yachts\/wp-content\/uploads\/2025\/01\/MAX43-Comfort-300x110.png 300w, https:\/\/maxim.yachts\/wp-content\/uploads\/2025\/01\/MAX43-Comfort-768x282.png 768w, https:\/\/maxim.yachts\/wp-content\/uploads\/2025\/01\/MAX43-Comfort-1536x563.png 1536w, https:\/\/maxim.yachts\/wp-content\/uploads\/2025\/01\/MAX43-Comfort-2048x751.png 2048w\" sizes=\"(max-width: 800px) 100vw, 800px\" \/>\t\t\t\t\t\t\t\t\t\t\t\t\t\t\t<\/div>\n\t\t\t\t<\/div>\n\t\t\t\t<div class=\"elementor-element elementor-element-7719e4d elementor-widget elementor-widget-image\" data-id=\"7719e4d\" data-element_type=\"widget\" data-e-type=\"widget\" data-widget_type=\"image.default\">\n\t\t\t\t<div class=\"elementor-widget-container\">\n\t\t\t\t\t\t\t\t\t\t\t\t\t\t\t<img decoding=\"async\" width=\"496\" height=\"196\" src=\"https:\/\/maxim.yachts\/wp-content\/uploads\/2025\/01\/max-v2-versions-09@2x.png\" class=\"attachment-large size-large wp-image-336\" alt=\"max 43 comfort logo\" srcset=\"https:\/\/maxim.yachts\/wp-content\/uploads\/2025\/01\/max-v2-versions-09@2x.png 496w, https:\/\/maxim.yachts\/wp-content\/uploads\/2025\/01\/max-v2-versions-09@2x-300x119.png 300w\" sizes=\"(max-width: 496px) 100vw, 496px\" \/>\t\t\t\t\t\t\t\t\t\t\t\t\t\t\t<\/div>\n\t\t\t\t<\/div>\n\t\t\t\t<div class=\"elementor-element elementor-element-273c521 elementor-widget elementor-widget-text-editor\" data-id=\"273c521\" data-element_type=\"widget\" data-e-type=\"widget\" data-widget_type=\"text-editor.default\">\n\t\t\t\t<div class=\"elementor-widget-container\">\n\t\t\t\t\t\t\t\t\t<p>Der MAX43 Comfort ist ein handwerkliches Meisterwerk f\u00fcr alle, die au\u00dfergew\u00f6hnlichen Luxus und Qualit\u00e4t suchen.<\/p>\t\t\t\t\t\t\t\t<\/div>\n\t\t\t\t<\/div>\n\t\t\t\t<div class=\"elementor-element elementor-element-a58ae45 elementor-align-center elementor-widget elementor-widget-button\" data-id=\"a58ae45\" data-element_type=\"widget\" data-e-type=\"widget\" data-widget_type=\"button.default\">\n\t\t\t\t<div class=\"elementor-widget-container\">\n\t\t\t\t\t\t\t\t\t<div class=\"elementor-button-wrapper\">\n\t\t\t\t\t<a class=\"elementor-button elementor-button-link elementor-size-sm\" href=\"https:\/\/maxim.yachts\/de\/configurator-max-43-comfort\/\">\n\t\t\t\t\t\t<span class=\"elementor-button-content-wrapper\">\n\t\t\t\t\t\t\t\t\t<span class=\"elementor-button-text\">KONFIGURIEREN SIE IHREN MAX43 KOMFORT<\/span>\n\t\t\t\t\t<\/span>\n\t\t\t\t\t<\/a>\n\t\t\t\t<\/div>\n\t\t\t\t\t\t\t\t<\/div>\n\t\t\t\t<\/div>\n\t\t\t\t<\/div>\n\t\t<div class=\"elementor-element elementor-element-158213e e-con-full animated-slow e-flex elementor-invisible e-con e-child\" data-id=\"158213e\" data-element_type=\"container\" data-e-type=\"container\" data-settings=\"{&quot;background_background&quot;:&quot;classic&quot;,&quot;animation&quot;:&quot;fadeIn&quot;,&quot;animation_delay&quot;:300}\">\n\t\t\t\t<div class=\"elementor-element elementor-element-52b46b1 elementor-widget elementor-widget-image\" data-id=\"52b46b1\" data-element_type=\"widget\" data-e-type=\"widget\" data-widget_type=\"image.default\">\n\t\t\t\t<div class=\"elementor-widget-container\">\n\t\t\t\t\t\t\t\t\t\t\t\t\t\t\t<img decoding=\"async\" width=\"800\" height=\"294\" src=\"https:\/\/maxim.yachts\/wp-content\/uploads\/2025\/01\/MAX-43Race-1024x376.png\" class=\"attachment-large size-large wp-image-1749\" alt=\"MAX 43Race\" srcset=\"https:\/\/maxim.yachts\/wp-content\/uploads\/2025\/01\/MAX-43Race-1024x376.png 1024w, https:\/\/maxim.yachts\/wp-content\/uploads\/2025\/01\/MAX-43Race-300x110.png 300w, https:\/\/maxim.yachts\/wp-content\/uploads\/2025\/01\/MAX-43Race-768x282.png 768w, https:\/\/maxim.yachts\/wp-content\/uploads\/2025\/01\/MAX-43Race-1536x563.png 1536w, https:\/\/maxim.yachts\/wp-content\/uploads\/2025\/01\/MAX-43Race-2048x751.png 2048w\" sizes=\"(max-width: 800px) 100vw, 800px\" \/>\t\t\t\t\t\t\t\t\t\t\t\t\t\t\t<\/div>\n\t\t\t\t<\/div>\n\t\t\t\t<div class=\"elementor-element elementor-element-1d16a2d elementor-widget elementor-widget-image\" data-id=\"1d16a2d\" data-element_type=\"widget\" data-e-type=\"widget\" data-widget_type=\"image.default\">\n\t\t\t\t<div class=\"elementor-widget-container\">\n\t\t\t\t\t\t\t\t\t\t\t\t\t\t\t<img loading=\"lazy\" decoding=\"async\" width=\"496\" height=\"196\" src=\"https:\/\/maxim.yachts\/wp-content\/uploads\/2025\/01\/max-v2-versions-06@2x.png\" class=\"attachment-large size-large wp-image-354\" alt=\"MAX 43Race logo\" srcset=\"https:\/\/maxim.yachts\/wp-content\/uploads\/2025\/01\/max-v2-versions-06@2x.png 496w, https:\/\/maxim.yachts\/wp-content\/uploads\/2025\/01\/max-v2-versions-06@2x-300x119.png 300w\" sizes=\"(max-width: 496px) 100vw, 496px\" \/>\t\t\t\t\t\t\t\t\t\t\t\t\t\t\t<\/div>\n\t\t\t\t<\/div>\n\t\t\t\t<div class=\"elementor-element elementor-element-51b3242 elementor-widget elementor-widget-text-editor\" data-id=\"51b3242\" data-element_type=\"widget\" data-e-type=\"widget\" data-widget_type=\"text-editor.default\">\n\t\t\t\t<div class=\"elementor-widget-container\">\n\t\t\t\t\t\t\t\t\t<p>Die MAX43 Race ist ein Meisterwerk, das von Handwerkern f\u00fcr diejenigen entworfen wurde, die Geschwindigkeit und Pr\u00e4zision auf See suchen.<\/p>\t\t\t\t\t\t\t\t<\/div>\n\t\t\t\t<\/div>\n\t\t\t\t<div class=\"elementor-element elementor-element-0939f54 elementor-align-center elementor-widget elementor-widget-button\" data-id=\"0939f54\" data-element_type=\"widget\" data-e-type=\"widget\" data-widget_type=\"button.default\">\n\t\t\t\t<div class=\"elementor-widget-container\">\n\t\t\t\t\t\t\t\t\t<div class=\"elementor-button-wrapper\">\n\t\t\t\t\t<a class=\"elementor-button elementor-button-link elementor-size-sm\" href=\"https:\/\/maxim.yachts\/de\/configurator-max-43-race\/\">\n\t\t\t\t\t\t<span class=\"elementor-button-content-wrapper\">\n\t\t\t\t\t\t\t\t\t<span class=\"elementor-button-text\">IHR MAX43-RENNEN KONFIGURIEREN<\/span>\n\t\t\t\t\t<\/span>\n\t\t\t\t\t<\/a>\n\t\t\t\t<\/div>\n\t\t\t\t\t\t\t\t<\/div>\n\t\t\t\t<\/div>\n\t\t\t\t<\/div>\n\t\t<div class=\"elementor-element elementor-element-c3dfc97 e-con-full animated-slow e-flex elementor-invisible e-con e-child\" data-id=\"c3dfc97\" data-element_type=\"container\" data-e-type=\"container\" data-settings=\"{&quot;background_background&quot;:&quot;classic&quot;,&quot;animation&quot;:&quot;fadeIn&quot;,&quot;animation_delay&quot;:400}\">\n\t\t\t\t<div class=\"elementor-element elementor-element-c7c56a0 elementor-widget elementor-widget-image\" data-id=\"c7c56a0\" data-element_type=\"widget\" data-e-type=\"widget\" data-widget_type=\"image.default\">\n\t\t\t\t<div class=\"elementor-widget-container\">\n\t\t\t\t\t\t\t\t\t\t\t\t\t\t\t<img loading=\"lazy\" decoding=\"async\" width=\"800\" height=\"294\" src=\"https:\/\/maxim.yachts\/wp-content\/uploads\/2025\/01\/MAX-44R-1024x376.png\" class=\"attachment-large size-large wp-image-1750\" alt=\"MAX 44R\" srcset=\"https:\/\/maxim.yachts\/wp-content\/uploads\/2025\/01\/MAX-44R-1024x376.png 1024w, https:\/\/maxim.yachts\/wp-content\/uploads\/2025\/01\/MAX-44R-300x110.png 300w, https:\/\/maxim.yachts\/wp-content\/uploads\/2025\/01\/MAX-44R-768x282.png 768w, https:\/\/maxim.yachts\/wp-content\/uploads\/2025\/01\/MAX-44R-1536x563.png 1536w, https:\/\/maxim.yachts\/wp-content\/uploads\/2025\/01\/MAX-44R-2048x751.png 2048w\" sizes=\"(max-width: 800px) 100vw, 800px\" \/>\t\t\t\t\t\t\t\t\t\t\t\t\t\t\t<\/div>\n\t\t\t\t<\/div>\n\t\t\t\t<div class=\"elementor-element elementor-element-3fe306f elementor-widget elementor-widget-image\" data-id=\"3fe306f\" data-element_type=\"widget\" data-e-type=\"widget\" data-widget_type=\"image.default\">\n\t\t\t\t<div class=\"elementor-widget-container\">\n\t\t\t\t\t\t\t\t\t\t\t\t\t\t\t<img loading=\"lazy\" decoding=\"async\" width=\"496\" height=\"194\" src=\"https:\/\/maxim.yachts\/wp-content\/uploads\/2025\/01\/MAX44R-02@2x.png\" class=\"attachment-large size-large wp-image-366\" alt=\"MAX 44R logo\" srcset=\"https:\/\/maxim.yachts\/wp-content\/uploads\/2025\/01\/MAX44R-02@2x.png 496w, https:\/\/maxim.yachts\/wp-content\/uploads\/2025\/01\/MAX44R-02@2x-300x117.png 300w\" sizes=\"(max-width: 496px) 100vw, 496px\" \/>\t\t\t\t\t\t\t\t\t\t\t\t\t\t\t<\/div>\n\t\t\t\t<\/div>\n\t\t\t\t<div class=\"elementor-element elementor-element-6cdd41c elementor-widget elementor-widget-text-editor\" data-id=\"6cdd41c\" data-element_type=\"widget\" data-e-type=\"widget\" data-widget_type=\"text-editor.default\">\n\t\t\t\t<div class=\"elementor-widget-container\">\n\t\t\t\t\t\t\t\t\t<p>Die MAX44R Das aerodynamische Design und die Hochleistungsmotoren sorgen f\u00fcr ein aufregendes Segelerlebnis.<\/p>\t\t\t\t\t\t\t\t<\/div>\n\t\t\t\t<\/div>\n\t\t\t\t<div class=\"elementor-element elementor-element-3fa05d3 elementor-align-center elementor-widget elementor-widget-button\" data-id=\"3fa05d3\" data-element_type=\"widget\" data-e-type=\"widget\" data-widget_type=\"button.default\">\n\t\t\t\t<div class=\"elementor-widget-container\">\n\t\t\t\t\t\t\t\t\t<div class=\"elementor-button-wrapper\">\n\t\t\t\t\t<a class=\"elementor-button elementor-button-link elementor-size-sm\" href=\"https:\/\/maxim.yachts\/de\/configurator-max-44-r\/\">\n\t\t\t\t\t\t<span class=\"elementor-button-content-wrapper\">\n\t\t\t\t\t\t\t\t\t<span class=\"elementor-button-text\">IHREN MAX44 R KONFIGURIEREN<\/span>\n\t\t\t\t\t<\/span>\n\t\t\t\t\t<\/a>\n\t\t\t\t<\/div>\n\t\t\t\t\t\t\t\t<\/div>\n\t\t\t\t<\/div>\n\t\t\t\t<\/div>\n\t\t\t\t\t<\/div>\n\t\t\t\t<\/div>\n\t\t<div class=\"elementor-element elementor-element-ed350ef elementor-hidden-mobile e-flex e-con-boxed e-con e-parent\" data-id=\"ed350ef\" data-element_type=\"container\" data-e-type=\"container\" data-settings=\"{&quot;background_background&quot;:&quot;classic&quot;}\">\n\t\t\t\t\t<div class=\"e-con-inner\">\n\t\t\t\t\t<\/div>\n\t\t\t\t<\/div>\n\t\t\t\t<\/div>","protected":false},"excerpt":{"rendered":"<p>SELECT A MODEL Select a Model to Start Configuring The MAX43 Comfort is a masterpiece crafted by craftsmen for those seeking exceptional luxury and quality. CONFIGURE YOUR MAX43 COMFORT The MAX43 Race is a masterpiece designed by craftsmen for those seeking speed and precision at sea. CONFIGURE YOUR MAX43 RACE The MAX44R Its aerodynamic design [&hellip;]<\/p>\n","protected":false},"author":1,"featured_media":0,"parent":0,"menu_order":0,"comment_status":"closed","ping_status":"closed","template":"elementor_header_footer","meta":{"footnotes":""},"class_list":["post-315","page","type-page","status-publish","hentry"],"yoast_head":"<!-- This site is optimized with the Yoast SEO plugin v27.2 - https:\/\/yoast.com\/product\/yoast-seo-wordpress\/ -->\n<title>Maxim yachts model | Maxim Yachts<\/title>\n<meta name=\"description\" content=\"Customize and visualize the boat model you like most through our online 3D configurator, and explore every detail before making your choice.\" \/>\n<meta name=\"robots\" content=\"index, follow, max-snippet:-1, max-image-preview:large, max-video-preview:-1\" \/>\n<link rel=\"canonical\" href=\"https:\/\/maxim.yachts\/de\/configurator\/\" \/>\n<meta property=\"og:locale\" content=\"de_DE\" \/>\n<meta property=\"og:type\" content=\"article\" \/>\n<meta property=\"og:title\" content=\"Maxim yachts model | Maxim Yachts\" \/>\n<meta property=\"og:description\" content=\"Customize and visualize the boat model you like most through our online 3D configurator, and explore every detail before making your choice.\" \/>\n<meta property=\"og:url\" content=\"https:\/\/maxim.yachts\/de\/configurator\/\" \/>\n<meta property=\"og:site_name\" content=\"Maxim Yachts\" \/>\n<meta property=\"article:modified_time\" content=\"2026-01-13T08:29:01+00:00\" \/>\n<meta property=\"og:image\" content=\"https:\/\/maxim.yachts\/wp-content\/uploads\/2025\/01\/cropped-MY_logotipo_Cobre_02.png\" \/>\n\t<meta property=\"og:image:width\" content=\"1243\" \/>\n\t<meta property=\"og:image:height\" content=\"355\" \/>\n\t<meta property=\"og:image:type\" content=\"image\/png\" \/>\n<meta name=\"twitter:card\" content=\"summary_large_image\" \/>\n<meta name=\"twitter:label1\" content=\"Gesch\u00e4tzte Lesezeit\" \/>\n\t<meta name=\"twitter:data1\" content=\"2\u00a0Minuten\" \/>\n<script type=\"application\/ld+json\" class=\"yoast-schema-graph\">{\"@context\":\"https:\/\/schema.org\",\"@graph\":[{\"@type\":\"WebPage\",\"@id\":\"https:\/\/maxim.yachts\/configurator\/\",\"url\":\"https:\/\/maxim.yachts\/configurator\/\",\"name\":\"Maxim yachts model | Maxim Yachts\",\"isPartOf\":{\"@id\":\"https:\/\/maxim.yachts\/#website\"},\"primaryImageOfPage\":{\"@id\":\"https:\/\/maxim.yachts\/configurator\/#primaryimage\"},\"image\":{\"@id\":\"https:\/\/maxim.yachts\/configurator\/#primaryimage\"},\"thumbnailUrl\":\"https:\/\/maxim.yachts\/wp-content\/uploads\/2025\/01\/MAX43-Comfort-1024x376.png\",\"datePublished\":\"2025-01-10T16:01:06+00:00\",\"dateModified\":\"2026-01-13T08:29:01+00:00\",\"description\":\"Customize and visualize the boat model you like most through our online 3D configurator, and explore every detail before making your choice.\",\"breadcrumb\":{\"@id\":\"https:\/\/maxim.yachts\/configurator\/#breadcrumb\"},\"inLanguage\":\"de\",\"potentialAction\":[{\"@type\":\"ReadAction\",\"target\":[\"https:\/\/maxim.yachts\/configurator\/\"]}]},{\"@type\":\"ImageObject\",\"inLanguage\":\"de\",\"@id\":\"https:\/\/maxim.yachts\/configurator\/#primaryimage\",\"url\":\"https:\/\/maxim.yachts\/wp-content\/uploads\/2025\/01\/MAX43-Comfort-1024x376.png\",\"contentUrl\":\"https:\/\/maxim.yachts\/wp-content\/uploads\/2025\/01\/MAX43-Comfort-1024x376.png\"},{\"@type\":\"BreadcrumbList\",\"@id\":\"https:\/\/maxim.yachts\/configurator\/#breadcrumb\",\"itemListElement\":[{\"@type\":\"ListItem\",\"position\":1,\"name\":\"Portada\",\"item\":\"https:\/\/maxim.yachts\/\"},{\"@type\":\"ListItem\",\"position\":2,\"name\":\"CONFIGURATOR\"}]},{\"@type\":\"WebSite\",\"@id\":\"https:\/\/maxim.yachts\/#website\",\"url\":\"https:\/\/maxim.yachts\/\",\"name\":\"Maxim Yachts\",\"description\":\"The Real Walk-Around\",\"publisher\":{\"@id\":\"https:\/\/maxim.yachts\/#organization\"},\"potentialAction\":[{\"@type\":\"SearchAction\",\"target\":{\"@type\":\"EntryPoint\",\"urlTemplate\":\"https:\/\/maxim.yachts\/?s={search_term_string}\"},\"query-input\":{\"@type\":\"PropertyValueSpecification\",\"valueRequired\":true,\"valueName\":\"search_term_string\"}}],\"inLanguage\":\"de\"},{\"@type\":\"Organization\",\"@id\":\"https:\/\/maxim.yachts\/#organization\",\"name\":\"Maxim Yachts\",\"url\":\"https:\/\/maxim.yachts\/\",\"logo\":{\"@type\":\"ImageObject\",\"inLanguage\":\"de\",\"@id\":\"https:\/\/maxim.yachts\/#\/schema\/logo\/image\/\",\"url\":\"https:\/\/maxim.yachts\/wp-content\/uploads\/2025\/01\/cropped-MY_logotipo_Blanco-2-1.png\",\"contentUrl\":\"https:\/\/maxim.yachts\/wp-content\/uploads\/2025\/01\/cropped-MY_logotipo_Blanco-2-1.png\",\"width\":1243,\"height\":848,\"caption\":\"Maxim Yachts\"},\"image\":{\"@id\":\"https:\/\/maxim.yachts\/#\/schema\/logo\/image\/\"}}]}<\/script>\n<!-- \/ Yoast SEO plugin. -->","yoast_head_json":{"title":"Maxim yachts model | Maxim Yachts","description":"Customize and visualize the boat model you like most through our online 3D configurator, and explore every detail before making your choice.","robots":{"index":"index","follow":"follow","max-snippet":"max-snippet:-1","max-image-preview":"max-image-preview:large","max-video-preview":"max-video-preview:-1"},"canonical":"https:\/\/maxim.yachts\/de\/configurator\/","og_locale":"de_DE","og_type":"article","og_title":"Maxim yachts model | Maxim Yachts","og_description":"Customize and visualize the boat model you like most through our online 3D configurator, and explore every detail before making your choice.","og_url":"https:\/\/maxim.yachts\/de\/configurator\/","og_site_name":"Maxim Yachts","article_modified_time":"2026-01-13T08:29:01+00:00","og_image":[{"width":1243,"height":355,"url":"https:\/\/maxim.yachts\/wp-content\/uploads\/2025\/01\/cropped-MY_logotipo_Cobre_02.png","type":"image\/png"}],"twitter_card":"summary_large_image","twitter_misc":{"Gesch\u00e4tzte Lesezeit":"2\u00a0Minuten"},"schema":{"@context":"https:\/\/schema.org","@graph":[{"@type":"WebPage","@id":"https:\/\/maxim.yachts\/configurator\/","url":"https:\/\/maxim.yachts\/configurator\/","name":"Maxim yachts model | Maxim Yachts","isPartOf":{"@id":"https:\/\/maxim.yachts\/#website"},"primaryImageOfPage":{"@id":"https:\/\/maxim.yachts\/configurator\/#primaryimage"},"image":{"@id":"https:\/\/maxim.yachts\/configurator\/#primaryimage"},"thumbnailUrl":"https:\/\/maxim.yachts\/wp-content\/uploads\/2025\/01\/MAX43-Comfort-1024x376.png","datePublished":"2025-01-10T16:01:06+00:00","dateModified":"2026-01-13T08:29:01+00:00","description":"Customize and visualize the boat model you like most through our online 3D configurator, and explore every detail before making your choice.","breadcrumb":{"@id":"https:\/\/maxim.yachts\/configurator\/#breadcrumb"},"inLanguage":"de","potentialAction":[{"@type":"ReadAction","target":["https:\/\/maxim.yachts\/configurator\/"]}]},{"@type":"ImageObject","inLanguage":"de","@id":"https:\/\/maxim.yachts\/configurator\/#primaryimage","url":"https:\/\/maxim.yachts\/wp-content\/uploads\/2025\/01\/MAX43-Comfort-1024x376.png","contentUrl":"https:\/\/maxim.yachts\/wp-content\/uploads\/2025\/01\/MAX43-Comfort-1024x376.png"},{"@type":"BreadcrumbList","@id":"https:\/\/maxim.yachts\/configurator\/#breadcrumb","itemListElement":[{"@type":"ListItem","position":1,"name":"Portada","item":"https:\/\/maxim.yachts\/"},{"@type":"ListItem","position":2,"name":"CONFIGURATOR"}]},{"@type":"WebSite","@id":"https:\/\/maxim.yachts\/#website","url":"https:\/\/maxim.yachts\/","name":"Maxim Jachten","description":"Der echte Rundgang","publisher":{"@id":"https:\/\/maxim.yachts\/#organization"},"potentialAction":[{"@type":"SearchAction","target":{"@type":"EntryPoint","urlTemplate":"https:\/\/maxim.yachts\/?s={search_term_string}"},"query-input":{"@type":"PropertyValueSpecification","valueRequired":true,"valueName":"search_term_string"}}],"inLanguage":"de"},{"@type":"Organization","@id":"https:\/\/maxim.yachts\/#organization","name":"Maxim Jachten","url":"https:\/\/maxim.yachts\/","logo":{"@type":"ImageObject","inLanguage":"de","@id":"https:\/\/maxim.yachts\/#\/schema\/logo\/image\/","url":"https:\/\/maxim.yachts\/wp-content\/uploads\/2025\/01\/cropped-MY_logotipo_Blanco-2-1.png","contentUrl":"https:\/\/maxim.yachts\/wp-content\/uploads\/2025\/01\/cropped-MY_logotipo_Blanco-2-1.png","width":1243,"height":848,"caption":"Maxim Yachts"},"image":{"@id":"https:\/\/maxim.yachts\/#\/schema\/logo\/image\/"}}]}},"_links":{"self":[{"href":"https:\/\/maxim.yachts\/de\/wp-json\/wp\/v2\/pages\/315","targetHints":{"allow":["GET"]}}],"collection":[{"href":"https:\/\/maxim.yachts\/de\/wp-json\/wp\/v2\/pages"}],"about":[{"href":"https:\/\/maxim.yachts\/de\/wp-json\/wp\/v2\/types\/page"}],"author":[{"embeddable":true,"href":"https:\/\/maxim.yachts\/de\/wp-json\/wp\/v2\/users\/1"}],"replies":[{"embeddable":true,"href":"https:\/\/maxim.yachts\/de\/wp-json\/wp\/v2\/comments?post=315"}],"version-history":[{"count":4,"href":"https:\/\/maxim.yachts\/de\/wp-json\/wp\/v2\/pages\/315\/revisions"}],"predecessor-version":[{"id":2713,"href":"https:\/\/maxim.yachts\/de\/wp-json\/wp\/v2\/pages\/315\/revisions\/2713"}],"wp:attachment":[{"href":"https:\/\/maxim.yachts\/de\/wp-json\/wp\/v2\/media?parent=315"}],"curies":[{"name":"wp","href":"https:\/\/api.w.org\/{rel}","templated":true}]}}