{"id":405,"date":"2025-01-10T16:37:31","date_gmt":"2025-01-10T16:37:31","guid":{"rendered":"https:\/\/maxim.yachts\/?page_id=405"},"modified":"2026-03-27T11:46:20","modified_gmt":"2026-03-27T11:46:20","slug":"about-us","status":"publish","type":"page","link":"https:\/\/maxim.yachts\/es\/about-us\/","title":{"rendered":"About us"},"content":{"rendered":"<div data-elementor-type=\"wp-page\" data-elementor-id=\"405\" class=\"elementor elementor-405\" data-elementor-post-type=\"page\">\n\t\t\t\t<div class=\"elementor-element elementor-element-91a3327 e-flex e-con-boxed e-con e-parent\" data-id=\"91a3327\" data-element_type=\"container\" data-e-type=\"container\" data-settings=\"{&quot;background_background&quot;:&quot;classic&quot;}\">\n\t\t\t\t\t<div class=\"e-con-inner\">\n\t\t\t\t<div class=\"elementor-element elementor-element-714b848 animated-slow elementor-invisible elementor-widget elementor-widget-heading\" data-id=\"714b848\" data-element_type=\"widget\" data-e-type=\"widget\" data-settings=\"{&quot;_animation&quot;:&quot;fadeIn&quot;}\" data-widget_type=\"heading.default\">\n\t\t\t\t<div class=\"elementor-widget-container\">\n\t\t\t\t\t<h2 class=\"elementor-heading-title elementor-size-default\">TODA LA FUERZA DE<\/h2>\t\t\t\t<\/div>\n\t\t\t\t<\/div>\n\t\t\t\t<div class=\"elementor-element elementor-element-439e957 animated-slow elementor-invisible elementor-widget elementor-widget-heading\" data-id=\"439e957\" data-element_type=\"widget\" data-e-type=\"widget\" data-settings=\"{&quot;_animation&quot;:&quot;fadeIn&quot;}\" data-widget_type=\"heading.default\">\n\t\t\t\t<div class=\"elementor-widget-container\">\n\t\t\t\t\t<h2 class=\"elementor-heading-title elementor-size-default\">MAXIM<\/h2>\t\t\t\t<\/div>\n\t\t\t\t<\/div>\n\t\t\t\t\t<\/div>\n\t\t\t\t<\/div>\n\t\t<div class=\"elementor-element elementor-element-65069ce e-flex e-con-boxed e-con e-parent\" data-id=\"65069ce\" data-element_type=\"container\" data-e-type=\"container\" data-settings=\"{&quot;background_background&quot;:&quot;classic&quot;}\">\n\t\t\t\t\t<div class=\"e-con-inner\">\n\t\t<div class=\"elementor-element elementor-element-13bfe2f e-con-full e-flex e-con e-child\" data-id=\"13bfe2f\" data-element_type=\"container\" data-e-type=\"container\">\n\t\t\t\t<div class=\"elementor-element elementor-element-5a39a9e animated-slow elementor-invisible elementor-widget elementor-widget-heading\" data-id=\"5a39a9e\" data-element_type=\"widget\" data-e-type=\"widget\" data-settings=\"{&quot;_animation&quot;:&quot;fadeIn&quot;}\" data-widget_type=\"heading.default\">\n\t\t\t\t<div class=\"elementor-widget-container\">\n\t\t\t\t\t<h2 class=\"elementor-heading-title elementor-size-default\">SIN RESTRICCIONES. SIN L\u00cdMITES. <br>NO SOLO LOS SOBREPASAMOS. LOS REDEFINIMOS. <br>LOS REPLANTEAMOS COMPLETAMENTE<\/h2>\t\t\t\t<\/div>\n\t\t\t\t<\/div>\n\t\t<div class=\"elementor-element elementor-element-d11ace3 e-grid e-con-full e-con e-child\" data-id=\"d11ace3\" data-element_type=\"container\" data-e-type=\"container\">\n\t\t\t\t<div class=\"elementor-element elementor-element-713d7a0 elementor-widget elementor-widget-text-editor\" data-id=\"713d7a0\" data-element_type=\"widget\" data-e-type=\"widget\" data-widget_type=\"text-editor.default\">\n\t\t\t\t<div class=\"elementor-widget-container\">\n\t\t\t\t\t\t\t\t\t<p>En Maxim Yachts, creamos yates de alto rendimiento para ofrecer experiencias de navegaci\u00f3n tan emocionantes como inolvidables.<\/p><p>La innovaci\u00f3n est\u00e1 en el coraz\u00f3n de todo lo que hacemos. Cada reto comienza con la misma pregunta: \u00bfC\u00f3mo podemos superarnos?<\/p><p>Este impulso constante define a Maxim Yachts. Nuestra obsesi\u00f3n por la perfecci\u00f3n se refleja en cada yate que construimos.<\/p>\t\t\t\t\t\t\t\t<\/div>\n\t\t\t\t<\/div>\n\t\t\t\t<div class=\"elementor-element elementor-element-f413d9c elementor-widget elementor-widget-text-editor\" data-id=\"f413d9c\" data-element_type=\"widget\" data-e-type=\"widget\" data-widget_type=\"text-editor.default\">\n\t\t\t\t<div class=\"elementor-widget-container\">\n\t\t\t\t\t\t\t\t\tTecnolog\u00eda avanzada pionera.<br><br> Redefinimos los est\u00e1ndares de la industria.\nSuperando los l\u00edmites de la velocidad, la potencia y la ingenier\u00eda n\u00e1utica. <br><br>Esta filosof\u00eda ha dado como resultado yates con prestaciones de competici\u00f3n que se manejan de forma intuitiva y sin esfuerzo en cualquier tipo de agua.\t\t\t\t\t\t\t\t<\/div>\n\t\t\t\t<\/div>\n\t\t\t\t<\/div>\n\t\t\t\t<\/div>\n\t\t\t\t\t<\/div>\n\t\t\t\t<\/div>\n\t\t<div class=\"elementor-element elementor-element-768f99f e-flex e-con-boxed e-con e-parent\" data-id=\"768f99f\" data-element_type=\"container\" data-e-type=\"container\" data-settings=\"{&quot;background_background&quot;:&quot;classic&quot;}\">\n\t\t\t\t\t<div class=\"e-con-inner\">\n\t\t\t\t<div class=\"elementor-element elementor-element-c6a699a animated-slow elementor-view-default elementor-invisible elementor-widget elementor-widget-icon\" data-id=\"c6a699a\" data-element_type=\"widget\" data-e-type=\"widget\" data-settings=\"{&quot;_animation&quot;:&quot;fadeIn&quot;}\" data-widget_type=\"icon.default\">\n\t\t\t\t<div class=\"elementor-widget-container\">\n\t\t\t\t\t\t\t<div class=\"elementor-icon-wrapper\">\n\t\t\t<a class=\"elementor-icon\" href=\"#elementor-action%3Aaction%3Dpopup%3Aopen%26settings%3DeyJpZCI6IjIwMzEiLCJ0b2dnbGUiOmZhbHNlfQ%3D%3D\">\n\t\t\t<svg xmlns=\"http:\/\/www.w3.org\/2000\/svg\" id=\"More_button\" data-name=\"More button\" width=\"107\" height=\"107\" viewbox=\"0 0 107 107\"><line id=\"L&#xED;nea_6\" data-name=\"L&#xED;nea 6\" y2=\"40.095\" transform=\"translate(52.909 33.351)\" fill=\"none\" stroke=\"#fff\" stroke-width=\"1\"><\/line><line id=\"L&#xED;nea_7\" data-name=\"L&#xED;nea 7\" x1=\"41.076\" transform=\"translate(32.861 53.889)\" fill=\"none\" stroke=\"#fff\" stroke-width=\"1\"><\/line><g id=\"Elipse_3\" data-name=\"Elipse 3\" fill=\"none\" stroke=\"#c3c3c3\" stroke-width=\"1\"><circle cx=\"53.5\" cy=\"53.5\" r=\"53.5\" stroke=\"none\"><\/circle><circle cx=\"53.5\" cy=\"53.5\" r=\"53\" fill=\"none\"><\/circle><\/g><\/svg>\t\t\t<\/a>\n\t\t<\/div>\n\t\t\t\t\t\t<\/div>\n\t\t\t\t<\/div>\n\t\t\t\t<div class=\"elementor-element elementor-element-1909acb animated-slow elementor-invisible elementor-widget elementor-widget-heading\" data-id=\"1909acb\" data-element_type=\"widget\" data-e-type=\"widget\" data-settings=\"{&quot;_animation&quot;:&quot;fadeIn&quot;}\" data-widget_type=\"heading.default\">\n\t\t\t\t<div class=\"elementor-widget-container\">\n\t\t\t\t\t<h2 class=\"elementor-heading-title elementor-size-default\">INNOVACI\u00d3N<\/h2>\t\t\t\t<\/div>\n\t\t\t\t<\/div>\n\t\t<div class=\"elementor-element elementor-element-1abb3c6 e-grid e-con-full e-con e-child\" data-id=\"1abb3c6\" data-element_type=\"container\" data-e-type=\"container\">\n\t\t\t\t<div class=\"elementor-element elementor-element-792a698 animated-slow elementor-invisible elementor-widget elementor-widget-text-editor\" data-id=\"792a698\" data-element_type=\"widget\" data-e-type=\"widget\" data-settings=\"{&quot;_animation&quot;:&quot;fadeIn&quot;,&quot;_animation_delay&quot;:200}\" data-widget_type=\"text-editor.default\">\n\t\t\t\t<div class=\"elementor-widget-container\">\n\t\t\t\t\t\t\t\t\t<p>Innovaci\u00f3n implacable. Maxim Yachts es una fuerza pionera en el dise\u00f1o de yates de lujo. Una empresa impulsada por una arraigada filosof\u00eda de innovaci\u00f3n y un legado de artesan\u00eda e ingenier\u00eda extraordinarios. <br \/><br \/>No se lidera sin el valor de romper los l\u00edmites.<\/p>\t\t\t\t\t\t\t\t<\/div>\n\t\t\t\t<\/div>\n\t\t\t\t<\/div>\n\t\t\t\t\t<\/div>\n\t\t\t\t<\/div>\n\t\t<div class=\"elementor-element elementor-element-70f24b3 e-flex e-con-boxed e-con e-parent\" data-id=\"70f24b3\" data-element_type=\"container\" data-e-type=\"container\" data-settings=\"{&quot;background_background&quot;:&quot;classic&quot;}\">\n\t\t\t\t\t<div class=\"e-con-inner\">\n\t\t\t\t<div class=\"elementor-element elementor-element-7b47610 animated-slow elementor-invisible elementor-widget elementor-widget-heading\" data-id=\"7b47610\" data-element_type=\"widget\" data-e-type=\"widget\" data-settings=\"{&quot;_animation&quot;:&quot;fadeIn&quot;}\" data-widget_type=\"heading.default\">\n\t\t\t\t<div class=\"elementor-widget-container\">\n\t\t\t\t\t<h2 class=\"elementor-heading-title elementor-size-default\">FILOSOF\u00cdA DE DISE\u00d1O<\/h2>\t\t\t\t<\/div>\n\t\t\t\t<\/div>\n\t\t<div class=\"elementor-element elementor-element-4caf0af e-grid e-con-full e-con e-child\" data-id=\"4caf0af\" data-element_type=\"container\" data-e-type=\"container\">\n\t\t\t\t<div class=\"elementor-element elementor-element-448322b animated-slow elementor-invisible elementor-widget elementor-widget-text-editor\" data-id=\"448322b\" data-element_type=\"widget\" data-e-type=\"widget\" data-settings=\"{&quot;_animation&quot;:&quot;fadeIn&quot;,&quot;_animation_delay&quot;:200}\" data-widget_type=\"text-editor.default\">\n\t\t\t\t<div class=\"elementor-widget-container\">\n\t\t\t\t\t\t\t\t\t<p>Construimos yates para navegar, pero no nos guiamos solo por la ingenier\u00eda.<\/p>\t\t\t\t\t\t\t\t<\/div>\n\t\t\t\t<\/div>\n\t\t<div class=\"elementor-element elementor-element-68b36cd e-con-full e-flex e-con e-child\" data-id=\"68b36cd\" data-element_type=\"container\" data-e-type=\"container\">\n\t\t\t\t<\/div>\n\t\t\t\t<div class=\"elementor-element elementor-element-8f18f36 animated-slow elementor-view-default elementor-invisible elementor-widget elementor-widget-icon\" data-id=\"8f18f36\" data-element_type=\"widget\" data-e-type=\"widget\" data-settings=\"{&quot;_animation&quot;:&quot;fadeIn&quot;}\" data-widget_type=\"icon.default\">\n\t\t\t\t<div class=\"elementor-widget-container\">\n\t\t\t\t\t\t\t<div class=\"elementor-icon-wrapper\">\n\t\t\t<a class=\"elementor-icon\" href=\"#elementor-action%3Aaction%3Dpopup%3Aopen%26settings%3DeyJpZCI6IjUyMSIsInRvZ2dsZSI6ZmFsc2V9\">\n\t\t\t<svg xmlns=\"http:\/\/www.w3.org\/2000\/svg\" id=\"More_button\" data-name=\"More button\" width=\"107\" height=\"107\" viewbox=\"0 0 107 107\"><line id=\"L&#xED;nea_6\" data-name=\"L&#xED;nea 6\" y2=\"40.095\" transform=\"translate(52.909 33.351)\" fill=\"none\" stroke=\"#fff\" stroke-width=\"1\"><\/line><line id=\"L&#xED;nea_7\" data-name=\"L&#xED;nea 7\" x1=\"41.076\" transform=\"translate(32.861 53.889)\" fill=\"none\" stroke=\"#fff\" stroke-width=\"1\"><\/line><g id=\"Elipse_3\" data-name=\"Elipse 3\" fill=\"none\" stroke=\"#c3c3c3\" stroke-width=\"1\"><circle cx=\"53.5\" cy=\"53.5\" r=\"53.5\" stroke=\"none\"><\/circle><circle cx=\"53.5\" cy=\"53.5\" r=\"53\" fill=\"none\"><\/circle><\/g><\/svg>\t\t\t<\/a>\n\t\t<\/div>\n\t\t\t\t\t\t<\/div>\n\t\t\t\t<\/div>\n\t\t\t\t<\/div>\n\t\t\t\t\t<\/div>\n\t\t\t\t<\/div>\n\t\t<div class=\"elementor-element elementor-element-3c9f85d e-flex e-con-boxed e-con e-parent\" data-id=\"3c9f85d\" data-element_type=\"container\" data-e-type=\"container\" data-settings=\"{&quot;background_background&quot;:&quot;classic&quot;}\">\n\t\t\t\t\t<div class=\"e-con-inner\">\n\t\t\t\t<div class=\"elementor-element elementor-element-d90ab2f elementor-invisible elementor-widget elementor-widget-heading\" data-id=\"d90ab2f\" data-element_type=\"widget\" data-e-type=\"widget\" data-settings=\"{&quot;_animation&quot;:&quot;fadeIn&quot;}\" data-widget_type=\"heading.default\">\n\t\t\t\t<div class=\"elementor-widget-container\">\n\t\t\t\t\t<h2 class=\"elementor-heading-title elementor-size-default\"> SOLICITAR INFORMACI\u00d3N DE COMPRA<\/h2>\t\t\t\t<\/div>\n\t\t\t\t<\/div>\n\t\t\t\t<div class=\"elementor-element elementor-element-c4da322 elementor-widget elementor-widget-text-editor\" data-id=\"c4da322\" data-element_type=\"widget\" data-e-type=\"widget\" data-widget_type=\"text-editor.default\">\n\t\t\t\t<div class=\"elementor-widget-container\">\n\t\t\t\t\t\t\t\t\t<p>Un distribuidor oficial se pondr\u00e1 en contacto contigo en menos de 48 horas<\/p>\t\t\t\t\t\t\t\t<\/div>\n\t\t\t\t<\/div>\n\t\t\t\t<div class=\"elementor-element elementor-element-c55bd67 elementor-widget elementor-widget-button\" data-id=\"c55bd67\" data-element_type=\"widget\" data-e-type=\"widget\" data-widget_type=\"button.default\">\n\t\t\t\t<div class=\"elementor-widget-container\">\n\t\t\t\t\t\t\t\t\t<div class=\"elementor-button-wrapper\">\n\t\t\t\t\t<a class=\"elementor-button elementor-button-link elementor-size-sm\" href=\"https:\/\/maxim.yachts\/es\/contact-us\/\">\n\t\t\t\t\t\t<span class=\"elementor-button-content-wrapper\">\n\t\t\t\t\t\t\t\t\t<span class=\"elementor-button-text\">CONT\u00c1CTANOS<\/span>\n\t\t\t\t\t<\/span>\n\t\t\t\t\t<\/a>\n\t\t\t\t<\/div>\n\t\t\t\t\t\t\t\t<\/div>\n\t\t\t\t<\/div>\n\t\t\t\t\t<\/div>\n\t\t\t\t<\/div>\n\t\t\t\t<\/div>","protected":false},"excerpt":{"rendered":"<p>THE FULL FORCE OF MAXIM NO RESTRAINTS. NO LIMITATIONS. WE DON\u2019T SIMPLY PUSH BOUNDARIES. WE COMPLETELY RETHINK THEM Maxim Yachts exists to create exhilarating performance yachts and deliver the most thrilling sailing experiences imaginable. With innovation at the heart of everything we do, every challenge begins with the same question: how can we make it [&hellip;]<\/p>\n","protected":false},"author":1,"featured_media":0,"parent":0,"menu_order":0,"comment_status":"closed","ping_status":"closed","template":"elementor_header_footer","meta":{"footnotes":""},"class_list":["post-405","page","type-page","status-publish","hentry"],"yoast_head":"<!-- This site is optimized with the Yoast SEO plugin v27.2 - https:\/\/yoast.com\/product\/yoast-seo-wordpress\/ -->\n<title>About Us - Maxim Yachts<\/title>\n<meta name=\"description\" content=\"Maxim Yachts exists to create high-performance yachts and deliver the most exciting sailing experiences imaginable.\" \/>\n<meta name=\"robots\" content=\"index, follow, max-snippet:-1, max-image-preview:large, max-video-preview:-1\" \/>\n<link rel=\"canonical\" href=\"https:\/\/maxim.yachts\/es\/about-us\/\" \/>\n<meta property=\"og:locale\" content=\"es_ES\" \/>\n<meta property=\"og:type\" content=\"article\" \/>\n<meta property=\"og:title\" content=\"About Us - Maxim Yachts\" \/>\n<meta property=\"og:description\" content=\"Maxim Yachts exists to create high-performance yachts and deliver the most exciting sailing experiences imaginable.\" \/>\n<meta property=\"og:url\" content=\"https:\/\/maxim.yachts\/es\/about-us\/\" \/>\n<meta property=\"og:site_name\" content=\"Maxim Yachts\" \/>\n<meta property=\"article:modified_time\" content=\"2026-03-27T11:46:20+00:00\" \/>\n<meta property=\"og:image\" content=\"https:\/\/maxim.yachts\/wp-content\/uploads\/2025\/01\/cropped-MY_logotipo_Cobre_02.png\" \/>\n\t<meta property=\"og:image:width\" content=\"1243\" \/>\n\t<meta property=\"og:image:height\" content=\"355\" \/>\n\t<meta property=\"og:image:type\" content=\"image\/png\" \/>\n<meta name=\"twitter:card\" content=\"summary_large_image\" \/>\n<meta name=\"twitter:label1\" content=\"Tiempo de lectura\" \/>\n\t<meta name=\"twitter:data1\" content=\"1 minuto\" \/>\n<script type=\"application\/ld+json\" class=\"yoast-schema-graph\">{\"@context\":\"https:\/\/schema.org\",\"@graph\":[{\"@type\":\"WebPage\",\"@id\":\"https:\/\/maxim.yachts\/about-us\/\",\"url\":\"https:\/\/maxim.yachts\/about-us\/\",\"name\":\"About Us - Maxim Yachts\",\"isPartOf\":{\"@id\":\"https:\/\/maxim.yachts\/#website\"},\"datePublished\":\"2025-01-10T16:37:31+00:00\",\"dateModified\":\"2026-03-27T11:46:20+00:00\",\"description\":\"Maxim Yachts exists to create high-performance yachts and deliver the most exciting sailing experiences imaginable.\",\"breadcrumb\":{\"@id\":\"https:\/\/maxim.yachts\/about-us\/#breadcrumb\"},\"inLanguage\":\"es\",\"potentialAction\":[{\"@type\":\"ReadAction\",\"target\":[\"https:\/\/maxim.yachts\/about-us\/\"]}]},{\"@type\":\"BreadcrumbList\",\"@id\":\"https:\/\/maxim.yachts\/about-us\/#breadcrumb\",\"itemListElement\":[{\"@type\":\"ListItem\",\"position\":1,\"name\":\"Portada\",\"item\":\"https:\/\/maxim.yachts\/\"},{\"@type\":\"ListItem\",\"position\":2,\"name\":\"About us\"}]},{\"@type\":\"WebSite\",\"@id\":\"https:\/\/maxim.yachts\/#website\",\"url\":\"https:\/\/maxim.yachts\/\",\"name\":\"Maxim Yachts\",\"description\":\"The Real Walk-Around\",\"publisher\":{\"@id\":\"https:\/\/maxim.yachts\/#organization\"},\"potentialAction\":[{\"@type\":\"SearchAction\",\"target\":{\"@type\":\"EntryPoint\",\"urlTemplate\":\"https:\/\/maxim.yachts\/?s={search_term_string}\"},\"query-input\":{\"@type\":\"PropertyValueSpecification\",\"valueRequired\":true,\"valueName\":\"search_term_string\"}}],\"inLanguage\":\"es\"},{\"@type\":\"Organization\",\"@id\":\"https:\/\/maxim.yachts\/#organization\",\"name\":\"Maxim Yachts\",\"url\":\"https:\/\/maxim.yachts\/\",\"logo\":{\"@type\":\"ImageObject\",\"inLanguage\":\"es\",\"@id\":\"https:\/\/maxim.yachts\/#\/schema\/logo\/image\/\",\"url\":\"https:\/\/maxim.yachts\/wp-content\/uploads\/2025\/01\/cropped-MY_logotipo_Blanco-2-1.png\",\"contentUrl\":\"https:\/\/maxim.yachts\/wp-content\/uploads\/2025\/01\/cropped-MY_logotipo_Blanco-2-1.png\",\"width\":1243,\"height\":848,\"caption\":\"Maxim Yachts\"},\"image\":{\"@id\":\"https:\/\/maxim.yachts\/#\/schema\/logo\/image\/\"}}]}<\/script>\n<!-- \/ Yoast SEO plugin. -->","yoast_head_json":{"title":"Sobre nosotros - Maxim Yachts","description":"Maxim Yachts exists to create high-performance yachts and deliver the most exciting sailing experiences imaginable.","robots":{"index":"index","follow":"follow","max-snippet":"max-snippet:-1","max-image-preview":"max-image-preview:large","max-video-preview":"max-video-preview:-1"},"canonical":"https:\/\/maxim.yachts\/es\/about-us\/","og_locale":"es_ES","og_type":"article","og_title":"About Us - Maxim Yachts","og_description":"Maxim Yachts exists to create high-performance yachts and deliver the most exciting sailing experiences imaginable.","og_url":"https:\/\/maxim.yachts\/es\/about-us\/","og_site_name":"Maxim Yachts","article_modified_time":"2026-03-27T11:46:20+00:00","og_image":[{"width":1243,"height":355,"url":"https:\/\/maxim.yachts\/wp-content\/uploads\/2025\/01\/cropped-MY_logotipo_Cobre_02.png","type":"image\/png"}],"twitter_card":"summary_large_image","twitter_misc":{"Tiempo de lectura":"1 minuto"},"schema":{"@context":"https:\/\/schema.org","@graph":[{"@type":"WebPage","@id":"https:\/\/maxim.yachts\/about-us\/","url":"https:\/\/maxim.yachts\/about-us\/","name":"Sobre nosotros - Maxim Yachts","isPartOf":{"@id":"https:\/\/maxim.yachts\/#website"},"datePublished":"2025-01-10T16:37:31+00:00","dateModified":"2026-03-27T11:46:20+00:00","description":"Maxim Yachts exists to create high-performance yachts and deliver the most exciting sailing experiences imaginable.","breadcrumb":{"@id":"https:\/\/maxim.yachts\/about-us\/#breadcrumb"},"inLanguage":"es","potentialAction":[{"@type":"ReadAction","target":["https:\/\/maxim.yachts\/about-us\/"]}]},{"@type":"BreadcrumbList","@id":"https:\/\/maxim.yachts\/about-us\/#breadcrumb","itemListElement":[{"@type":"ListItem","position":1,"name":"Portada","item":"https:\/\/maxim.yachts\/"},{"@type":"ListItem","position":2,"name":"About us"}]},{"@type":"WebSite","@id":"https:\/\/maxim.yachts\/#website","url":"https:\/\/maxim.yachts\/","name":"Yates Maxim","description":"El verdadero paseo","publisher":{"@id":"https:\/\/maxim.yachts\/#organization"},"potentialAction":[{"@type":"SearchAction","target":{"@type":"EntryPoint","urlTemplate":"https:\/\/maxim.yachts\/?s={search_term_string}"},"query-input":{"@type":"PropertyValueSpecification","valueRequired":true,"valueName":"search_term_string"}}],"inLanguage":"es"},{"@type":"Organization","@id":"https:\/\/maxim.yachts\/#organization","name":"Yates Maxim","url":"https:\/\/maxim.yachts\/","logo":{"@type":"ImageObject","inLanguage":"es","@id":"https:\/\/maxim.yachts\/#\/schema\/logo\/image\/","url":"https:\/\/maxim.yachts\/wp-content\/uploads\/2025\/01\/cropped-MY_logotipo_Blanco-2-1.png","contentUrl":"https:\/\/maxim.yachts\/wp-content\/uploads\/2025\/01\/cropped-MY_logotipo_Blanco-2-1.png","width":1243,"height":848,"caption":"Maxim Yachts"},"image":{"@id":"https:\/\/maxim.yachts\/#\/schema\/logo\/image\/"}}]}},"_links":{"self":[{"href":"https:\/\/maxim.yachts\/es\/wp-json\/wp\/v2\/pages\/405","targetHints":{"allow":["GET"]}}],"collection":[{"href":"https:\/\/maxim.yachts\/es\/wp-json\/wp\/v2\/pages"}],"about":[{"href":"https:\/\/maxim.yachts\/es\/wp-json\/wp\/v2\/types\/page"}],"author":[{"embeddable":true,"href":"https:\/\/maxim.yachts\/es\/wp-json\/wp\/v2\/users\/1"}],"replies":[{"embeddable":true,"href":"https:\/\/maxim.yachts\/es\/wp-json\/wp\/v2\/comments?post=405"}],"version-history":[{"count":5,"href":"https:\/\/maxim.yachts\/es\/wp-json\/wp\/v2\/pages\/405\/revisions"}],"predecessor-version":[{"id":2899,"href":"https:\/\/maxim.yachts\/es\/wp-json\/wp\/v2\/pages\/405\/revisions\/2899"}],"wp:attachment":[{"href":"https:\/\/maxim.yachts\/es\/wp-json\/wp\/v2\/media?parent=405"}],"curies":[{"name":"wp","href":"https:\/\/api.w.org\/{rel}","templated":true}]}}