{"id":405,"date":"2025-01-10T16:37:31","date_gmt":"2025-01-10T16:37:31","guid":{"rendered":"https:\/\/maxim.yachts\/?page_id=405"},"modified":"2026-03-27T11:46:20","modified_gmt":"2026-03-27T11:46:20","slug":"about-us","status":"publish","type":"page","link":"https:\/\/maxim.yachts\/fr\/about-us\/","title":{"rendered":"About us"},"content":{"rendered":"<div data-elementor-type=\"wp-page\" data-elementor-id=\"405\" class=\"elementor elementor-405\" data-elementor-post-type=\"page\">\n\t\t\t\t<div class=\"elementor-element elementor-element-91a3327 e-flex e-con-boxed e-con e-parent\" data-id=\"91a3327\" data-element_type=\"container\" data-e-type=\"container\" data-settings=\"{&quot;background_background&quot;:&quot;classic&quot;}\">\n\t\t\t\t\t<div class=\"e-con-inner\">\n\t\t\t\t<div class=\"elementor-element elementor-element-714b848 animated-slow elementor-invisible elementor-widget elementor-widget-heading\" data-id=\"714b848\" data-element_type=\"widget\" data-e-type=\"widget\" data-settings=\"{&quot;_animation&quot;:&quot;fadeIn&quot;}\" data-widget_type=\"heading.default\">\n\t\t\t\t<div class=\"elementor-widget-container\">\n\t\t\t\t\t<h2 class=\"elementor-heading-title elementor-size-default\">LA PLEINE FORCE DE LA<\/h2>\t\t\t\t<\/div>\n\t\t\t\t<\/div>\n\t\t\t\t<div class=\"elementor-element elementor-element-439e957 animated-slow elementor-invisible elementor-widget elementor-widget-heading\" data-id=\"439e957\" data-element_type=\"widget\" data-e-type=\"widget\" data-settings=\"{&quot;_animation&quot;:&quot;fadeIn&quot;}\" data-widget_type=\"heading.default\">\n\t\t\t\t<div class=\"elementor-widget-container\">\n\t\t\t\t\t<h2 class=\"elementor-heading-title elementor-size-default\">MAXIM<\/h2>\t\t\t\t<\/div>\n\t\t\t\t<\/div>\n\t\t\t\t\t<\/div>\n\t\t\t\t<\/div>\n\t\t<div class=\"elementor-element elementor-element-65069ce e-flex e-con-boxed e-con e-parent\" data-id=\"65069ce\" data-element_type=\"container\" data-e-type=\"container\" data-settings=\"{&quot;background_background&quot;:&quot;classic&quot;}\">\n\t\t\t\t\t<div class=\"e-con-inner\">\n\t\t<div class=\"elementor-element elementor-element-13bfe2f e-con-full e-flex e-con e-child\" data-id=\"13bfe2f\" data-element_type=\"container\" data-e-type=\"container\">\n\t\t\t\t<div class=\"elementor-element elementor-element-5a39a9e animated-slow elementor-invisible elementor-widget elementor-widget-heading\" data-id=\"5a39a9e\" data-element_type=\"widget\" data-e-type=\"widget\" data-settings=\"{&quot;_animation&quot;:&quot;fadeIn&quot;}\" data-widget_type=\"heading.default\">\n\t\t\t\t<div class=\"elementor-widget-container\">\n\t\t\t\t\t<h2 class=\"elementor-heading-title elementor-size-default\">PAS DE RESTRICTIONS. AUCUNE LIMITATION. <br>NOUS NE NOUS CONTENTONS PAS DE REPOUSSER LES LIMITES. <br>NOUS LES REPENSONS COMPL\u00c8TEMENT<\/h2>\t\t\t\t<\/div>\n\t\t\t\t<\/div>\n\t\t<div class=\"elementor-element elementor-element-d11ace3 e-grid e-con-full e-con e-child\" data-id=\"d11ace3\" data-element_type=\"container\" data-e-type=\"container\">\n\t\t\t\t<div class=\"elementor-element elementor-element-713d7a0 elementor-widget elementor-widget-text-editor\" data-id=\"713d7a0\" data-element_type=\"widget\" data-e-type=\"widget\" data-widget_type=\"text-editor.default\">\n\t\t\t\t<div class=\"elementor-widget-container\">\n\t\t\t\t\t\t\t\t\t<p>La raison d'\u00eatre de Maxim Yachts est de cr\u00e9er des yachts performants et exaltants et d'offrir les exp\u00e9riences de navigation les plus palpitantes que l'on puisse imaginer.<\/p><p>L'innovation \u00e9tant au c\u0153ur de toutes nos activit\u00e9s, chaque d\u00e9fi commence par la m\u00eame question : comment pouvons-nous l'am\u00e9liorer ?<\/p><p>Cette volont\u00e9 in\u00e9branlable d\u00e9finit Maxim Yachts, et notre qu\u00eate de la perfection est \u00e9vidente dans chaque navire que nous fabriquons.<\/p>\t\t\t\t\t\t\t\t<\/div>\n\t\t\t\t<\/div>\n\t\t\t\t<div class=\"elementor-element elementor-element-f413d9c elementor-widget elementor-widget-text-editor\" data-id=\"f413d9c\" data-element_type=\"widget\" data-e-type=\"widget\" data-widget_type=\"text-editor.default\">\n\t\t\t\t<div class=\"elementor-widget-container\">\n\t\t\t\t\t\t\t\t\tUne technologie de pointe pionni\u00e8re.<br><br> Red\u00e9finir les normes de l'industrie. Repousser les limites de la vitesse, de la puissance et de l'ing\u00e9nierie nautique. <br><br>Cette philosophie a donn\u00e9 naissance \u00e0 des yachts aux performances de haut niveau qui se commandent de mani\u00e8re intuitive et sans effort sur n'importe quel plan d'eau.\t\t\t\t\t\t\t\t<\/div>\n\t\t\t\t<\/div>\n\t\t\t\t<\/div>\n\t\t\t\t<\/div>\n\t\t\t\t\t<\/div>\n\t\t\t\t<\/div>\n\t\t<div class=\"elementor-element elementor-element-768f99f e-flex e-con-boxed e-con e-parent\" data-id=\"768f99f\" data-element_type=\"container\" data-e-type=\"container\" data-settings=\"{&quot;background_background&quot;:&quot;classic&quot;}\">\n\t\t\t\t\t<div class=\"e-con-inner\">\n\t\t\t\t<div class=\"elementor-element elementor-element-c6a699a animated-slow elementor-view-default elementor-invisible elementor-widget elementor-widget-icon\" data-id=\"c6a699a\" data-element_type=\"widget\" data-e-type=\"widget\" data-settings=\"{&quot;_animation&quot;:&quot;fadeIn&quot;}\" data-widget_type=\"icon.default\">\n\t\t\t\t<div class=\"elementor-widget-container\">\n\t\t\t\t\t\t\t<div class=\"elementor-icon-wrapper\">\n\t\t\t<a class=\"elementor-icon\" href=\"#elementor-action%3Aaction%3Dpopup%3Aopen%26settings%3DeyJpZCI6IjIwMzEiLCJ0b2dnbGUiOmZhbHNlfQ%3D%3D\">\n\t\t\t<svg xmlns=\"http:\/\/www.w3.org\/2000\/svg\" id=\"More_button\" data-name=\"More button\" width=\"107\" height=\"107\" viewbox=\"0 0 107 107\"><line id=\"L&#xED;nea_6\" data-name=\"L&#xED;nea 6\" y2=\"40.095\" transform=\"translate(52.909 33.351)\" fill=\"none\" stroke=\"#fff\" stroke-width=\"1\"><\/line><line id=\"L&#xED;nea_7\" data-name=\"L&#xED;nea 7\" x1=\"41.076\" transform=\"translate(32.861 53.889)\" fill=\"none\" stroke=\"#fff\" stroke-width=\"1\"><\/line><g id=\"Elipse_3\" data-name=\"Elipse 3\" fill=\"none\" stroke=\"#c3c3c3\" stroke-width=\"1\"><circle cx=\"53.5\" cy=\"53.5\" r=\"53.5\" stroke=\"none\"><\/circle><circle cx=\"53.5\" cy=\"53.5\" r=\"53\" fill=\"none\"><\/circle><\/g><\/svg>\t\t\t<\/a>\n\t\t<\/div>\n\t\t\t\t\t\t<\/div>\n\t\t\t\t<\/div>\n\t\t\t\t<div class=\"elementor-element elementor-element-1909acb animated-slow elementor-invisible elementor-widget elementor-widget-heading\" data-id=\"1909acb\" data-element_type=\"widget\" data-e-type=\"widget\" data-settings=\"{&quot;_animation&quot;:&quot;fadeIn&quot;}\" data-widget_type=\"heading.default\">\n\t\t\t\t<div class=\"elementor-widget-container\">\n\t\t\t\t\t<h2 class=\"elementor-heading-title elementor-size-default\">INNOVATION<\/h2>\t\t\t\t<\/div>\n\t\t\t\t<\/div>\n\t\t<div class=\"elementor-element elementor-element-1abb3c6 e-grid e-con-full e-con e-child\" data-id=\"1abb3c6\" data-element_type=\"container\" data-e-type=\"container\">\n\t\t\t\t<div class=\"elementor-element elementor-element-792a698 animated-slow elementor-invisible elementor-widget elementor-widget-text-editor\" data-id=\"792a698\" data-element_type=\"widget\" data-e-type=\"widget\" data-settings=\"{&quot;_animation&quot;:&quot;fadeIn&quot;,&quot;_animation_delay&quot;:200}\" data-widget_type=\"text-editor.default\">\n\t\t\t\t<div class=\"elementor-widget-container\">\n\t\t\t\t\t\t\t\t\t<p>L'innovation sans rel\u00e2che. Maxim Yachts est une force pionni\u00e8re dans la conception de yachts de luxe. Une entreprise anim\u00e9e par une philosophie d'innovation profond\u00e9ment ancr\u00e9e et un h\u00e9ritage de savoir-faire et d'ing\u00e9nierie extraordinaires. <br \/><br \/>On ne peut pas montrer la voie sans avoir le courage de repousser les limites.<\/p>\t\t\t\t\t\t\t\t<\/div>\n\t\t\t\t<\/div>\n\t\t\t\t<\/div>\n\t\t\t\t\t<\/div>\n\t\t\t\t<\/div>\n\t\t<div class=\"elementor-element elementor-element-70f24b3 e-flex e-con-boxed e-con e-parent\" data-id=\"70f24b3\" data-element_type=\"container\" data-e-type=\"container\" data-settings=\"{&quot;background_background&quot;:&quot;classic&quot;}\">\n\t\t\t\t\t<div class=\"e-con-inner\">\n\t\t\t\t<div class=\"elementor-element elementor-element-7b47610 animated-slow elementor-invisible elementor-widget elementor-widget-heading\" data-id=\"7b47610\" data-element_type=\"widget\" data-e-type=\"widget\" data-settings=\"{&quot;_animation&quot;:&quot;fadeIn&quot;}\" data-widget_type=\"heading.default\">\n\t\t\t\t<div class=\"elementor-widget-container\">\n\t\t\t\t\t<h2 class=\"elementor-heading-title elementor-size-default\">PHILOSOPHIE DE CONCEPTION<\/h2>\t\t\t\t<\/div>\n\t\t\t\t<\/div>\n\t\t<div class=\"elementor-element elementor-element-4caf0af e-grid e-con-full e-con e-child\" data-id=\"4caf0af\" data-element_type=\"container\" data-e-type=\"container\">\n\t\t\t\t<div class=\"elementor-element elementor-element-448322b animated-slow elementor-invisible elementor-widget elementor-widget-text-editor\" data-id=\"448322b\" data-element_type=\"widget\" data-e-type=\"widget\" data-settings=\"{&quot;_animation&quot;:&quot;fadeIn&quot;,&quot;_animation_delay&quot;:200}\" data-widget_type=\"text-editor.default\">\n\t\t\t\t<div class=\"elementor-widget-container\">\n\t\t\t\t\t\t\t\t\t<p>Nous construisons des yachts pour naviguer, mais nous ne nous laissons pas guider uniquement par les machines. Chaque aspect de nos conceptions est impr\u00e9gn\u00e9 d'\u00e9motion, guid\u00e9 par l'intuition et aliment\u00e9 par une v\u00e9ritable passion.<\/p>\t\t\t\t\t\t\t\t<\/div>\n\t\t\t\t<\/div>\n\t\t<div class=\"elementor-element elementor-element-68b36cd e-con-full e-flex e-con e-child\" data-id=\"68b36cd\" data-element_type=\"container\" data-e-type=\"container\">\n\t\t\t\t<\/div>\n\t\t\t\t<div class=\"elementor-element elementor-element-8f18f36 animated-slow elementor-view-default elementor-invisible elementor-widget elementor-widget-icon\" data-id=\"8f18f36\" data-element_type=\"widget\" data-e-type=\"widget\" data-settings=\"{&quot;_animation&quot;:&quot;fadeIn&quot;}\" data-widget_type=\"icon.default\">\n\t\t\t\t<div class=\"elementor-widget-container\">\n\t\t\t\t\t\t\t<div class=\"elementor-icon-wrapper\">\n\t\t\t<a class=\"elementor-icon\" href=\"#elementor-action%3Aaction%3Dpopup%3Aopen%26settings%3DeyJpZCI6IjUyMSIsInRvZ2dsZSI6ZmFsc2V9\">\n\t\t\t<svg xmlns=\"http:\/\/www.w3.org\/2000\/svg\" id=\"More_button\" data-name=\"More button\" width=\"107\" height=\"107\" viewbox=\"0 0 107 107\"><line id=\"L&#xED;nea_6\" data-name=\"L&#xED;nea 6\" y2=\"40.095\" transform=\"translate(52.909 33.351)\" fill=\"none\" stroke=\"#fff\" stroke-width=\"1\"><\/line><line id=\"L&#xED;nea_7\" data-name=\"L&#xED;nea 7\" x1=\"41.076\" transform=\"translate(32.861 53.889)\" fill=\"none\" stroke=\"#fff\" stroke-width=\"1\"><\/line><g id=\"Elipse_3\" data-name=\"Elipse 3\" fill=\"none\" stroke=\"#c3c3c3\" stroke-width=\"1\"><circle cx=\"53.5\" cy=\"53.5\" r=\"53.5\" stroke=\"none\"><\/circle><circle cx=\"53.5\" cy=\"53.5\" r=\"53\" fill=\"none\"><\/circle><\/g><\/svg>\t\t\t<\/a>\n\t\t<\/div>\n\t\t\t\t\t\t<\/div>\n\t\t\t\t<\/div>\n\t\t\t\t<\/div>\n\t\t\t\t\t<\/div>\n\t\t\t\t<\/div>\n\t\t<div class=\"elementor-element elementor-element-3c9f85d e-flex e-con-boxed e-con e-parent\" data-id=\"3c9f85d\" data-element_type=\"container\" data-e-type=\"container\" data-settings=\"{&quot;background_background&quot;:&quot;classic&quot;}\">\n\t\t\t\t\t<div class=\"e-con-inner\">\n\t\t\t\t<div class=\"elementor-element elementor-element-d90ab2f elementor-invisible elementor-widget elementor-widget-heading\" data-id=\"d90ab2f\" data-element_type=\"widget\" data-e-type=\"widget\" data-settings=\"{&quot;_animation&quot;:&quot;fadeIn&quot;}\" data-widget_type=\"heading.default\">\n\t\t\t\t<div class=\"elementor-widget-container\">\n\t\t\t\t\t<h2 class=\"elementor-heading-title elementor-size-default\"> DEMANDE D'ACHAT<\/h2>\t\t\t\t<\/div>\n\t\t\t\t<\/div>\n\t\t\t\t<div class=\"elementor-element elementor-element-c4da322 elementor-widget elementor-widget-text-editor\" data-id=\"c4da322\" data-element_type=\"widget\" data-e-type=\"widget\" data-widget_type=\"text-editor.default\">\n\t\t\t\t<div class=\"elementor-widget-container\">\n\t\t\t\t\t\t\t\t\t<p>Votre revendeur pr\u00e9f\u00e9r\u00e9 vous contactera dans les 48 heures pour discuter de votre demande.<\/p>\t\t\t\t\t\t\t\t<\/div>\n\t\t\t\t<\/div>\n\t\t\t\t<div class=\"elementor-element elementor-element-c55bd67 elementor-widget elementor-widget-button\" data-id=\"c55bd67\" data-element_type=\"widget\" data-e-type=\"widget\" data-widget_type=\"button.default\">\n\t\t\t\t<div class=\"elementor-widget-container\">\n\t\t\t\t\t\t\t\t\t<div class=\"elementor-button-wrapper\">\n\t\t\t\t\t<a class=\"elementor-button elementor-button-link elementor-size-sm\" href=\"https:\/\/maxim.yachts\/fr\/contact-us\/\">\n\t\t\t\t\t\t<span class=\"elementor-button-content-wrapper\">\n\t\t\t\t\t\t\t\t\t<span class=\"elementor-button-text\">CONTACTEZ-NOUS<\/span>\n\t\t\t\t\t<\/span>\n\t\t\t\t\t<\/a>\n\t\t\t\t<\/div>\n\t\t\t\t\t\t\t\t<\/div>\n\t\t\t\t<\/div>\n\t\t\t\t\t<\/div>\n\t\t\t\t<\/div>\n\t\t\t\t<\/div>","protected":false},"excerpt":{"rendered":"<p>THE FULL FORCE OF MAXIM NO RESTRAINTS. NO LIMITATIONS. WE DON\u2019T SIMPLY PUSH BOUNDARIES. WE COMPLETELY RETHINK THEM Maxim Yachts exists to create exhilarating performance yachts and deliver the most thrilling sailing experiences imaginable. With innovation at the heart of everything we do, every challenge begins with the same question: how can we make it [&hellip;]<\/p>\n","protected":false},"author":1,"featured_media":0,"parent":0,"menu_order":0,"comment_status":"closed","ping_status":"closed","template":"elementor_header_footer","meta":{"footnotes":""},"class_list":["post-405","page","type-page","status-publish","hentry"],"yoast_head":"<!-- This site is optimized with the Yoast SEO plugin v27.2 - https:\/\/yoast.com\/product\/yoast-seo-wordpress\/ -->\n<title>About Us - Maxim Yachts<\/title>\n<meta name=\"description\" content=\"Maxim Yachts exists to create high-performance yachts and deliver the most exciting sailing experiences imaginable.\" \/>\n<meta name=\"robots\" content=\"index, follow, max-snippet:-1, max-image-preview:large, max-video-preview:-1\" \/>\n<link rel=\"canonical\" href=\"https:\/\/maxim.yachts\/fr\/about-us\/\" \/>\n<meta property=\"og:locale\" content=\"fr_FR\" \/>\n<meta property=\"og:type\" content=\"article\" \/>\n<meta property=\"og:title\" content=\"About Us - Maxim Yachts\" \/>\n<meta property=\"og:description\" content=\"Maxim Yachts exists to create high-performance yachts and deliver the most exciting sailing experiences imaginable.\" \/>\n<meta property=\"og:url\" content=\"https:\/\/maxim.yachts\/fr\/about-us\/\" \/>\n<meta property=\"og:site_name\" content=\"Maxim Yachts\" \/>\n<meta property=\"article:modified_time\" content=\"2026-03-27T11:46:20+00:00\" \/>\n<meta property=\"og:image\" content=\"https:\/\/maxim.yachts\/wp-content\/uploads\/2025\/01\/cropped-MY_logotipo_Cobre_02.png\" \/>\n\t<meta property=\"og:image:width\" content=\"1243\" \/>\n\t<meta property=\"og:image:height\" content=\"355\" \/>\n\t<meta property=\"og:image:type\" content=\"image\/png\" \/>\n<meta name=\"twitter:card\" content=\"summary_large_image\" \/>\n<meta name=\"twitter:label1\" content=\"Dur\u00e9e de lecture estim\u00e9e\" \/>\n\t<meta name=\"twitter:data1\" content=\"1 minute\" \/>\n<script type=\"application\/ld+json\" class=\"yoast-schema-graph\">{\"@context\":\"https:\/\/schema.org\",\"@graph\":[{\"@type\":\"WebPage\",\"@id\":\"https:\/\/maxim.yachts\/about-us\/\",\"url\":\"https:\/\/maxim.yachts\/about-us\/\",\"name\":\"About Us - Maxim Yachts\",\"isPartOf\":{\"@id\":\"https:\/\/maxim.yachts\/#website\"},\"datePublished\":\"2025-01-10T16:37:31+00:00\",\"dateModified\":\"2026-03-27T11:46:20+00:00\",\"description\":\"Maxim Yachts exists to create high-performance yachts and deliver the most exciting sailing experiences imaginable.\",\"breadcrumb\":{\"@id\":\"https:\/\/maxim.yachts\/about-us\/#breadcrumb\"},\"inLanguage\":\"fr-FR\",\"potentialAction\":[{\"@type\":\"ReadAction\",\"target\":[\"https:\/\/maxim.yachts\/about-us\/\"]}]},{\"@type\":\"BreadcrumbList\",\"@id\":\"https:\/\/maxim.yachts\/about-us\/#breadcrumb\",\"itemListElement\":[{\"@type\":\"ListItem\",\"position\":1,\"name\":\"Portada\",\"item\":\"https:\/\/maxim.yachts\/\"},{\"@type\":\"ListItem\",\"position\":2,\"name\":\"About us\"}]},{\"@type\":\"WebSite\",\"@id\":\"https:\/\/maxim.yachts\/#website\",\"url\":\"https:\/\/maxim.yachts\/\",\"name\":\"Maxim Yachts\",\"description\":\"The Real Walk-Around\",\"publisher\":{\"@id\":\"https:\/\/maxim.yachts\/#organization\"},\"potentialAction\":[{\"@type\":\"SearchAction\",\"target\":{\"@type\":\"EntryPoint\",\"urlTemplate\":\"https:\/\/maxim.yachts\/?s={search_term_string}\"},\"query-input\":{\"@type\":\"PropertyValueSpecification\",\"valueRequired\":true,\"valueName\":\"search_term_string\"}}],\"inLanguage\":\"fr-FR\"},{\"@type\":\"Organization\",\"@id\":\"https:\/\/maxim.yachts\/#organization\",\"name\":\"Maxim Yachts\",\"url\":\"https:\/\/maxim.yachts\/\",\"logo\":{\"@type\":\"ImageObject\",\"inLanguage\":\"fr-FR\",\"@id\":\"https:\/\/maxim.yachts\/#\/schema\/logo\/image\/\",\"url\":\"https:\/\/maxim.yachts\/wp-content\/uploads\/2025\/01\/cropped-MY_logotipo_Blanco-2-1.png\",\"contentUrl\":\"https:\/\/maxim.yachts\/wp-content\/uploads\/2025\/01\/cropped-MY_logotipo_Blanco-2-1.png\",\"width\":1243,\"height\":848,\"caption\":\"Maxim Yachts\"},\"image\":{\"@id\":\"https:\/\/maxim.yachts\/#\/schema\/logo\/image\/\"}}]}<\/script>\n<!-- \/ Yoast SEO plugin. -->","yoast_head_json":{"title":"A propos de nous - Maxim Yachts","description":"Maxim Yachts exists to create high-performance yachts and deliver the most exciting sailing experiences imaginable.","robots":{"index":"index","follow":"follow","max-snippet":"max-snippet:-1","max-image-preview":"max-image-preview:large","max-video-preview":"max-video-preview:-1"},"canonical":"https:\/\/maxim.yachts\/fr\/about-us\/","og_locale":"fr_FR","og_type":"article","og_title":"About Us - Maxim Yachts","og_description":"Maxim Yachts exists to create high-performance yachts and deliver the most exciting sailing experiences imaginable.","og_url":"https:\/\/maxim.yachts\/fr\/about-us\/","og_site_name":"Maxim Yachts","article_modified_time":"2026-03-27T11:46:20+00:00","og_image":[{"width":1243,"height":355,"url":"https:\/\/maxim.yachts\/wp-content\/uploads\/2025\/01\/cropped-MY_logotipo_Cobre_02.png","type":"image\/png"}],"twitter_card":"summary_large_image","twitter_misc":{"Dur\u00e9e de lecture estim\u00e9e":"1 minute"},"schema":{"@context":"https:\/\/schema.org","@graph":[{"@type":"WebPage","@id":"https:\/\/maxim.yachts\/about-us\/","url":"https:\/\/maxim.yachts\/about-us\/","name":"A propos de nous - Maxim Yachts","isPartOf":{"@id":"https:\/\/maxim.yachts\/#website"},"datePublished":"2025-01-10T16:37:31+00:00","dateModified":"2026-03-27T11:46:20+00:00","description":"Maxim Yachts exists to create high-performance yachts and deliver the most exciting sailing experiences imaginable.","breadcrumb":{"@id":"https:\/\/maxim.yachts\/about-us\/#breadcrumb"},"inLanguage":"fr-FR","potentialAction":[{"@type":"ReadAction","target":["https:\/\/maxim.yachts\/about-us\/"]}]},{"@type":"BreadcrumbList","@id":"https:\/\/maxim.yachts\/about-us\/#breadcrumb","itemListElement":[{"@type":"ListItem","position":1,"name":"Portada","item":"https:\/\/maxim.yachts\/"},{"@type":"ListItem","position":2,"name":"About us"}]},{"@type":"WebSite","@id":"https:\/\/maxim.yachts\/#website","url":"https:\/\/maxim.yachts\/","name":"Maxim Yachts","description":"Le vrai tour de piste","publisher":{"@id":"https:\/\/maxim.yachts\/#organization"},"potentialAction":[{"@type":"SearchAction","target":{"@type":"EntryPoint","urlTemplate":"https:\/\/maxim.yachts\/?s={search_term_string}"},"query-input":{"@type":"PropertyValueSpecification","valueRequired":true,"valueName":"search_term_string"}}],"inLanguage":"fr-FR"},{"@type":"Organization","@id":"https:\/\/maxim.yachts\/#organization","name":"Maxim Yachts","url":"https:\/\/maxim.yachts\/","logo":{"@type":"ImageObject","inLanguage":"fr-FR","@id":"https:\/\/maxim.yachts\/#\/schema\/logo\/image\/","url":"https:\/\/maxim.yachts\/wp-content\/uploads\/2025\/01\/cropped-MY_logotipo_Blanco-2-1.png","contentUrl":"https:\/\/maxim.yachts\/wp-content\/uploads\/2025\/01\/cropped-MY_logotipo_Blanco-2-1.png","width":1243,"height":848,"caption":"Maxim Yachts"},"image":{"@id":"https:\/\/maxim.yachts\/#\/schema\/logo\/image\/"}}]}},"_links":{"self":[{"href":"https:\/\/maxim.yachts\/fr\/wp-json\/wp\/v2\/pages\/405","targetHints":{"allow":["GET"]}}],"collection":[{"href":"https:\/\/maxim.yachts\/fr\/wp-json\/wp\/v2\/pages"}],"about":[{"href":"https:\/\/maxim.yachts\/fr\/wp-json\/wp\/v2\/types\/page"}],"author":[{"embeddable":true,"href":"https:\/\/maxim.yachts\/fr\/wp-json\/wp\/v2\/users\/1"}],"replies":[{"embeddable":true,"href":"https:\/\/maxim.yachts\/fr\/wp-json\/wp\/v2\/comments?post=405"}],"version-history":[{"count":5,"href":"https:\/\/maxim.yachts\/fr\/wp-json\/wp\/v2\/pages\/405\/revisions"}],"predecessor-version":[{"id":2899,"href":"https:\/\/maxim.yachts\/fr\/wp-json\/wp\/v2\/pages\/405\/revisions\/2899"}],"wp:attachment":[{"href":"https:\/\/maxim.yachts\/fr\/wp-json\/wp\/v2\/media?parent=405"}],"curies":[{"name":"wp","href":"https:\/\/api.w.org\/{rel}","templated":true}]}}