{"id":739,"date":"2025-01-12T15:39:26","date_gmt":"2025-01-12T15:39:26","guid":{"rendered":"https:\/\/maxim.yachts\/?page_id=739"},"modified":"2026-02-04T08:23:55","modified_gmt":"2026-02-04T08:23:55","slug":"events","status":"publish","type":"page","link":"https:\/\/maxim.yachts\/fr\/events\/","title":{"rendered":"Ev\u00e9nements"},"content":{"rendered":"<div data-elementor-type=\"wp-page\" data-elementor-id=\"739\" class=\"elementor elementor-739\" data-elementor-post-type=\"page\">\n\t\t\t\t<div class=\"elementor-element elementor-element-71add291 e-flex e-con-boxed e-con e-parent\" data-id=\"71add291\" data-element_type=\"container\" data-e-type=\"container\" data-settings=\"{&quot;background_background&quot;:&quot;classic&quot;}\">\n\t\t\t\t\t<div class=\"e-con-inner\">\n\t\t\t\t<div class=\"elementor-element elementor-element-4b54c54e animated-slow elementor-invisible elementor-widget elementor-widget-heading\" data-id=\"4b54c54e\" data-element_type=\"widget\" data-e-type=\"widget\" data-settings=\"{&quot;_animation&quot;:&quot;fadeIn&quot;}\" data-widget_type=\"heading.default\">\n\t\t\t\t<div class=\"elementor-widget-container\">\n\t\t\t\t\t<h2 class=\"elementor-heading-title elementor-size-default\">\u00c0 VENIR<\/h2>\t\t\t\t<\/div>\n\t\t\t\t<\/div>\n\t\t\t\t<div class=\"elementor-element elementor-element-198209a9 animated-slow elementor-invisible elementor-widget elementor-widget-heading\" data-id=\"198209a9\" data-element_type=\"widget\" data-e-type=\"widget\" data-settings=\"{&quot;_animation&quot;:&quot;fadeIn&quot;}\" data-widget_type=\"heading.default\">\n\t\t\t\t<div class=\"elementor-widget-container\">\n\t\t\t\t\t<h2 class=\"elementor-heading-title elementor-size-default\">\u00c9V\u00c9NEMENTS<\/h2>\t\t\t\t<\/div>\n\t\t\t\t<\/div>\n\t\t<div class=\"elementor-element elementor-element-3d2d9800 e-grid e-con-full e-con e-child\" data-id=\"3d2d9800\" data-element_type=\"container\" data-e-type=\"container\">\n\t\t<div class=\"elementor-element elementor-element-36c2ee3f e-con-full elementor-hidden-mobile e-flex e-con e-child\" data-id=\"36c2ee3f\" data-element_type=\"container\" data-e-type=\"container\">\n\t\t\t\t<\/div>\n\t\t<div class=\"elementor-element elementor-element-d9af99e e-con-full e-flex e-con e-child\" data-id=\"d9af99e\" data-element_type=\"container\" data-e-type=\"container\">\n\t\t\t\t<div class=\"elementor-element elementor-element-796ba3c7 elementor-widget elementor-widget-text-editor\" data-id=\"796ba3c7\" data-element_type=\"widget\" data-e-type=\"widget\" data-widget_type=\"text-editor.default\">\n\t\t\t\t<div class=\"elementor-widget-container\">\n\t\t\t\t\t\t\t\t\t<p>Rejoignez Maxim Yachts \u00e0 ces \u00e9v\u00e9nements passionnants ! Nous y pr\u00e9senterons nos derni\u00e8res innovations, des mod\u00e8les de yachts exclusifs et bien d'autres choses encore. Nous sommes impatients d'entrer en contact avec des passionn\u00e9s de yachting, des professionnels de l'industrie et de futurs propri\u00e9taires.<\/p>\t\t\t\t\t\t\t\t<\/div>\n\t\t\t\t<\/div>\n\t\t\t\t<\/div>\n\t\t\t\t<\/div>\n\t\t\t\t\t<\/div>\n\t\t\t\t<\/div>\n\t\t<div class=\"elementor-element elementor-element-aa6e232 e-flex e-con-boxed e-con e-parent\" data-id=\"aa6e232\" data-element_type=\"container\" data-e-type=\"container\" data-settings=\"{&quot;background_background&quot;:&quot;classic&quot;}\">\n\t\t\t\t\t<div class=\"e-con-inner\">\n\t\t<div class=\"elementor-element elementor-element-e9fe565 e-grid e-con-full e-con e-child\" data-id=\"e9fe565\" data-element_type=\"container\" data-e-type=\"container\" data-settings=\"{&quot;background_background&quot;:&quot;classic&quot;}\">\n\t\t<div class=\"elementor-element elementor-element-4eca14b e-con-full e-flex e-con e-child\" data-id=\"4eca14b\" data-element_type=\"container\" data-e-type=\"container\" data-settings=\"{&quot;background_background&quot;:&quot;classic&quot;}\">\n\t\t\t\t<div class=\"elementor-element elementor-element-e7ba362 elementor-widget elementor-widget-heading\" data-id=\"e7ba362\" data-element_type=\"widget\" data-e-type=\"widget\" data-widget_type=\"heading.default\">\n\t\t\t\t<div class=\"elementor-widget-container\">\n\t\t\t\t\t<h2 class=\"elementor-heading-title elementor-size-default\">Palma International Boat Show<\/h2>\t\t\t\t<\/div>\n\t\t\t\t<\/div>\n\t\t\t\t<div class=\"elementor-element elementor-element-b86119a elementor-widget elementor-widget-heading\" data-id=\"b86119a\" data-element_type=\"widget\" data-e-type=\"widget\" data-widget_type=\"heading.default\">\n\t\t\t\t<div class=\"elementor-widget-container\">\n\t\t\t\t\t<h2 class=\"elementor-heading-title elementor-size-default\">April 29 - May 2 - 2026 <br>\nPalma de Mallorca, Espagne<br>\nBOOTH E306\n<\/h2>\t\t\t\t<\/div>\n\t\t\t\t<\/div>\n\t\t\t\t<\/div>\n\t\t<div class=\"elementor-element elementor-element-e6ab2f0 e-con-full e-flex e-con e-child\" data-id=\"e6ab2f0\" data-element_type=\"container\" data-e-type=\"container\" data-settings=\"{&quot;background_background&quot;:&quot;classic&quot;}\">\n\t\t\t\t<div class=\"elementor-element elementor-element-3e842d0 elementor-widget elementor-widget-heading\" data-id=\"3e842d0\" data-element_type=\"widget\" data-e-type=\"widget\" data-widget_type=\"heading.default\">\n\t\t\t\t<div class=\"elementor-widget-container\">\n\t\t\t\t\t<h2 class=\"elementor-heading-title elementor-size-default\">Palm Beach International Boat Show<\/h2>\t\t\t\t<\/div>\n\t\t\t\t<\/div>\n\t\t\t\t<div class=\"elementor-element elementor-element-e024e2d elementor-widget elementor-widget-heading\" data-id=\"e024e2d\" data-element_type=\"widget\" data-e-type=\"widget\" data-widget_type=\"heading.default\">\n\t\t\t\t<div class=\"elementor-widget-container\">\n\t\t\t\t\t<h2 class=\"elementor-heading-title elementor-size-default\">March 25 - 29 - 2026<br>\nFL, Florida, USA<br>\n<\/h2>\t\t\t\t<\/div>\n\t\t\t\t<\/div>\n\t\t\t\t<\/div>\n\t\t\t\t<\/div>\n\t\t\t\t\t<\/div>\n\t\t\t\t<\/div>\n\t\t\t\t<\/div>","protected":false},"excerpt":{"rendered":"<p>UPCOMING EVENTS Join Maxim Yachts at these exciting events! Here\u2019s where you can find us showcasing our latest innovations, exclusive yacht models, and much more. We look forward to connecting with yachting enthusiasts, industry professionals, and future owners. Palma International Boat Show April 29 &#8211; May 2 &#8211; 2026 Palma de Mallorca, Spain BOOTH E306 [&hellip;]<\/p>\n","protected":false},"author":1,"featured_media":0,"parent":0,"menu_order":0,"comment_status":"closed","ping_status":"closed","template":"elementor_header_footer","meta":{"footnotes":""},"class_list":["post-739","page","type-page","status-publish","hentry"],"yoast_head":"<!-- This site is optimized with the Yoast SEO plugin v27.2 - https:\/\/yoast.com\/product\/yoast-seo-wordpress\/ -->\n<title>Events - Maxim Yachts<\/title>\n<meta name=\"description\" content=\"En estos emocionantes eventos nos podr\u00e1 encontrar mostrando nuestras \u00faltimas innovaciones y modelos de yates exclusivos.\" \/>\n<meta name=\"robots\" content=\"index, follow, max-snippet:-1, max-image-preview:large, max-video-preview:-1\" \/>\n<link rel=\"canonical\" href=\"https:\/\/maxim.yachts\/fr\/events\/\" \/>\n<meta property=\"og:locale\" content=\"fr_FR\" \/>\n<meta property=\"og:type\" content=\"article\" \/>\n<meta property=\"og:title\" content=\"Events - Maxim Yachts\" \/>\n<meta property=\"og:description\" content=\"En estos emocionantes eventos nos podr\u00e1 encontrar mostrando nuestras \u00faltimas innovaciones y modelos de yates exclusivos.\" \/>\n<meta property=\"og:url\" content=\"https:\/\/maxim.yachts\/fr\/events\/\" \/>\n<meta property=\"og:site_name\" content=\"Maxim Yachts\" \/>\n<meta property=\"article:modified_time\" content=\"2026-02-04T08:23:55+00:00\" \/>\n<meta property=\"og:image\" content=\"https:\/\/maxim.yachts\/wp-content\/uploads\/2025\/01\/cropped-MY_logotipo_Cobre_02.png\" \/>\n\t<meta property=\"og:image:width\" content=\"1243\" \/>\n\t<meta property=\"og:image:height\" content=\"355\" \/>\n\t<meta property=\"og:image:type\" content=\"image\/png\" \/>\n<meta name=\"twitter:card\" content=\"summary_large_image\" \/>\n<meta name=\"twitter:label1\" content=\"Dur\u00e9e de lecture estim\u00e9e\" \/>\n\t<meta name=\"twitter:data1\" content=\"1 minute\" \/>\n<script type=\"application\/ld+json\" class=\"yoast-schema-graph\">{\"@context\":\"https:\/\/schema.org\",\"@graph\":[{\"@type\":\"WebPage\",\"@id\":\"https:\/\/maxim.yachts\/events\/\",\"url\":\"https:\/\/maxim.yachts\/events\/\",\"name\":\"Events - Maxim Yachts\",\"isPartOf\":{\"@id\":\"https:\/\/maxim.yachts\/#website\"},\"datePublished\":\"2025-01-12T15:39:26+00:00\",\"dateModified\":\"2026-02-04T08:23:55+00:00\",\"description\":\"En estos emocionantes eventos nos podr\u00e1 encontrar mostrando nuestras \u00faltimas innovaciones y modelos de yates exclusivos.\",\"breadcrumb\":{\"@id\":\"https:\/\/maxim.yachts\/events\/#breadcrumb\"},\"inLanguage\":\"fr-FR\",\"potentialAction\":[{\"@type\":\"ReadAction\",\"target\":[\"https:\/\/maxim.yachts\/events\/\"]}]},{\"@type\":\"BreadcrumbList\",\"@id\":\"https:\/\/maxim.yachts\/events\/#breadcrumb\",\"itemListElement\":[{\"@type\":\"ListItem\",\"position\":1,\"name\":\"Portada\",\"item\":\"https:\/\/maxim.yachts\/\"},{\"@type\":\"ListItem\",\"position\":2,\"name\":\"Events\"}]},{\"@type\":\"WebSite\",\"@id\":\"https:\/\/maxim.yachts\/#website\",\"url\":\"https:\/\/maxim.yachts\/\",\"name\":\"Maxim Yachts\",\"description\":\"The Real Walk-Around\",\"publisher\":{\"@id\":\"https:\/\/maxim.yachts\/#organization\"},\"potentialAction\":[{\"@type\":\"SearchAction\",\"target\":{\"@type\":\"EntryPoint\",\"urlTemplate\":\"https:\/\/maxim.yachts\/?s={search_term_string}\"},\"query-input\":{\"@type\":\"PropertyValueSpecification\",\"valueRequired\":true,\"valueName\":\"search_term_string\"}}],\"inLanguage\":\"fr-FR\"},{\"@type\":\"Organization\",\"@id\":\"https:\/\/maxim.yachts\/#organization\",\"name\":\"Maxim Yachts\",\"url\":\"https:\/\/maxim.yachts\/\",\"logo\":{\"@type\":\"ImageObject\",\"inLanguage\":\"fr-FR\",\"@id\":\"https:\/\/maxim.yachts\/#\/schema\/logo\/image\/\",\"url\":\"https:\/\/maxim.yachts\/wp-content\/uploads\/2025\/01\/cropped-MY_logotipo_Blanco-2-1.png\",\"contentUrl\":\"https:\/\/maxim.yachts\/wp-content\/uploads\/2025\/01\/cropped-MY_logotipo_Blanco-2-1.png\",\"width\":1243,\"height\":848,\"caption\":\"Maxim Yachts\"},\"image\":{\"@id\":\"https:\/\/maxim.yachts\/#\/schema\/logo\/image\/\"}}]}<\/script>\n<!-- \/ Yoast SEO plugin. -->","yoast_head_json":{"title":"\u00c9v\u00e9nements - Maxim Yachts","description":"Lors de ces \u00e9v\u00e9nements \u00e9mouvants, nous pourrons trouver les derni\u00e8res innovations et les mod\u00e8les exclusifs de Yates.","robots":{"index":"index","follow":"follow","max-snippet":"max-snippet:-1","max-image-preview":"max-image-preview:large","max-video-preview":"max-video-preview:-1"},"canonical":"https:\/\/maxim.yachts\/fr\/events\/","og_locale":"fr_FR","og_type":"article","og_title":"Events - Maxim Yachts","og_description":"En estos emocionantes eventos nos podr\u00e1 encontrar mostrando nuestras \u00faltimas innovaciones y modelos de yates exclusivos.","og_url":"https:\/\/maxim.yachts\/fr\/events\/","og_site_name":"Maxim Yachts","article_modified_time":"2026-02-04T08:23:55+00:00","og_image":[{"width":1243,"height":355,"url":"https:\/\/maxim.yachts\/wp-content\/uploads\/2025\/01\/cropped-MY_logotipo_Cobre_02.png","type":"image\/png"}],"twitter_card":"summary_large_image","twitter_misc":{"Dur\u00e9e de lecture estim\u00e9e":"1 minute"},"schema":{"@context":"https:\/\/schema.org","@graph":[{"@type":"WebPage","@id":"https:\/\/maxim.yachts\/events\/","url":"https:\/\/maxim.yachts\/events\/","name":"\u00c9v\u00e9nements - Maxim Yachts","isPartOf":{"@id":"https:\/\/maxim.yachts\/#website"},"datePublished":"2025-01-12T15:39:26+00:00","dateModified":"2026-02-04T08:23:55+00:00","description":"Lors de ces \u00e9v\u00e9nements \u00e9mouvants, nous pourrons trouver les derni\u00e8res innovations et les mod\u00e8les exclusifs de Yates.","breadcrumb":{"@id":"https:\/\/maxim.yachts\/events\/#breadcrumb"},"inLanguage":"fr-FR","potentialAction":[{"@type":"ReadAction","target":["https:\/\/maxim.yachts\/events\/"]}]},{"@type":"BreadcrumbList","@id":"https:\/\/maxim.yachts\/events\/#breadcrumb","itemListElement":[{"@type":"ListItem","position":1,"name":"Portada","item":"https:\/\/maxim.yachts\/"},{"@type":"ListItem","position":2,"name":"Events"}]},{"@type":"WebSite","@id":"https:\/\/maxim.yachts\/#website","url":"https:\/\/maxim.yachts\/","name":"Maxim Yachts","description":"Le vrai tour de piste","publisher":{"@id":"https:\/\/maxim.yachts\/#organization"},"potentialAction":[{"@type":"SearchAction","target":{"@type":"EntryPoint","urlTemplate":"https:\/\/maxim.yachts\/?s={search_term_string}"},"query-input":{"@type":"PropertyValueSpecification","valueRequired":true,"valueName":"search_term_string"}}],"inLanguage":"fr-FR"},{"@type":"Organization","@id":"https:\/\/maxim.yachts\/#organization","name":"Maxim Yachts","url":"https:\/\/maxim.yachts\/","logo":{"@type":"ImageObject","inLanguage":"fr-FR","@id":"https:\/\/maxim.yachts\/#\/schema\/logo\/image\/","url":"https:\/\/maxim.yachts\/wp-content\/uploads\/2025\/01\/cropped-MY_logotipo_Blanco-2-1.png","contentUrl":"https:\/\/maxim.yachts\/wp-content\/uploads\/2025\/01\/cropped-MY_logotipo_Blanco-2-1.png","width":1243,"height":848,"caption":"Maxim Yachts"},"image":{"@id":"https:\/\/maxim.yachts\/#\/schema\/logo\/image\/"}}]}},"_links":{"self":[{"href":"https:\/\/maxim.yachts\/fr\/wp-json\/wp\/v2\/pages\/739","targetHints":{"allow":["GET"]}}],"collection":[{"href":"https:\/\/maxim.yachts\/fr\/wp-json\/wp\/v2\/pages"}],"about":[{"href":"https:\/\/maxim.yachts\/fr\/wp-json\/wp\/v2\/types\/page"}],"author":[{"embeddable":true,"href":"https:\/\/maxim.yachts\/fr\/wp-json\/wp\/v2\/users\/1"}],"replies":[{"embeddable":true,"href":"https:\/\/maxim.yachts\/fr\/wp-json\/wp\/v2\/comments?post=739"}],"version-history":[{"count":3,"href":"https:\/\/maxim.yachts\/fr\/wp-json\/wp\/v2\/pages\/739\/revisions"}],"predecessor-version":[{"id":2946,"href":"https:\/\/maxim.yachts\/fr\/wp-json\/wp\/v2\/pages\/739\/revisions\/2946"}],"wp:attachment":[{"href":"https:\/\/maxim.yachts\/fr\/wp-json\/wp\/v2\/media?parent=739"}],"curies":[{"name":"wp","href":"https:\/\/api.w.org\/{rel}","templated":true}]}}